{"id":4716,"date":"2022-12-21T19:28:01","date_gmt":"2022-12-21T18:28:01","guid":{"rendered":"https:\/\/laresidenciatarifa.com\/politica-de-privacidad-apartamentos\/"},"modified":"2023-04-19T11:38:12","modified_gmt":"2023-04-19T09:38:12","slug":"politique-de-confidentialite-apartaments","status":"publish","type":"page","link":"https:\/\/laresidenciatarifa.com\/fr\/politique-de-confidentialite-apartaments\/","title":{"rendered":"Politique de confidentialit\u00e9 apartaments"},"content":{"rendered":"\t\t<div data-elementor-type=\"wp-page\" data-elementor-id=\"4716\" class=\"elementor elementor-4716 elementor-4000\" data-elementor-settings=\"{&quot;ha_cmc_init_switcher&quot;:&quot;no&quot;}\" data-elementor-post-type=\"page\">\n\t\t\t\t\t\t<section class=\"elementor-section elementor-top-section elementor-element elementor-element-21a9cb0 elementor-section-boxed elementor-section-height-default elementor-section-height-default\" data-id=\"21a9cb0\" data-element_type=\"section\" data-e-type=\"section\" data-settings=\"{&quot;_ha_eqh_enable&quot;:false}\">\n\t\t\t\t\t\t<div class=\"elementor-container elementor-column-gap-default\">\n\t\t\t\t\t<div class=\"elementor-column elementor-col-100 elementor-top-column elementor-element elementor-element-7731570\" data-id=\"7731570\" data-element_type=\"column\" data-e-type=\"column\">\n\t\t\t<div class=\"elementor-widget-wrap elementor-element-populated\">\n\t\t\t\t\t\t<div class=\"elementor-element elementor-element-948f8af elementor-widget elementor-widget-heading\" data-id=\"948f8af\" data-element_type=\"widget\" data-e-type=\"widget\" data-widget_type=\"heading.default\">\n\t\t\t\t<div class=\"elementor-widget-container\">\n\t\t\t\t\t<h3 class=\"elementor-heading-title elementor-size-default\">Politique de confidentialit\u00e9<\/h3>\t\t\t\t<\/div>\n\t\t\t\t<\/div>\n\t\t\t\t<div class=\"elementor-element elementor-element-07914fd elementor-widget elementor-widget-text-editor\" data-id=\"07914fd\" data-element_type=\"widget\" data-e-type=\"widget\" data-widget_type=\"text-editor.default\">\n\t\t\t\t<div class=\"elementor-widget-container\">\n\t\t\t\t\t\t\t\t\t<p>Ce texte juridique d\u00e9taille la mani\u00e8re dont nous collectons et traitons vos donn\u00e9es personnelles lors de votre utilisation de notre site web http:\/\/www.laresidenciatarifa.es, y compris toute information que vous pouvez nous fournir par le biais du site lorsque vous achetez un service ou fournissez vos coordonn\u00e9es par le biais du formulaire de contact.<\/p><p>Lorsque vous nous fournissez vos donn\u00e9es, nous vous informons que nos services ne sont pas possibles pour les personnes qui ne sont pas en mesure de donner leur consentement. Ainsi, lorsque vous nous envoyez les formulaires, vous garantissez que vous avez la capacit\u00e9 suffisante pour donner votre consentement.<\/p><p>Nous vous informons ci-dessous de la politique de protection des donn\u00e9es de:\u00a0<strong>Ansa Energy, S.L<\/strong><\/p><ol><li><h3 class=\"fusion-responsive-typography-calculated\" data-fontsize=\"28\" data-lineheight=\"36.96px\"><span style=\"color: #3a88b8;\"><strong>Responsable du traitement.<\/strong><\/span><\/h3><\/li><\/ol><p>Coordonn\u00e9es de la personne responsable :\u00a0<strong>Ansa Energy, S.L,\u00a0<\/strong>avec CIF : B92988526 et adresse \u00e0 : Calle Madrid N\u00ba 16, 29604 Marbella M\u00e1laga et t\u00e9l\u00e9phone : 951088929. Courriel : laresidenciatarifa@gmail.com<\/p><p>Enregistr\u00e9 au Registre du Commerce de Malaga le 13 mars 2009, Volume 4622, Livre 3530, Folio 65, Section 8 1er enregistrement, MA-100694<\/p><p><strong>Ansa Energy, S.L<\/strong>, est responsable de vos donn\u00e9es. (ci-apr\u00e8s \u00ab\u00a0nous\u00a0\u00bb, \u00ab\u00a0notre\u00a0\u00bb ou \u00ab\u00a0nos\u00a0\u00bb).<\/p><ol start=\"2\"><li><h3 class=\"fusion-responsive-typography-calculated\" data-fontsize=\"28\" data-lineheight=\"36.96px\"><span style=\"color: #3a88b8;\"><strong>Quelles sont les donn\u00e9es que nous collectons ?<\/strong><\/span><\/h3><\/li><\/ol><p>Le r\u00e8glement g\u00e9n\u00e9ral sur la protection des donn\u00e9es d\u00e9finit les\u00a0<strong>donn\u00e9es personnelles<\/strong>\u00a0comme toute information concernant une personne physique identifi\u00e9e ou identifiable, c&rsquo;est-\u00e0-dire toute information permettant d&rsquo;identifier une personne. Il ne s&rsquo;agit pas de donn\u00e9es anonymes, ni de donn\u00e9es en pourcentage.<\/p><p>Les donn\u00e9es personnelles qui peuvent \u00eatre collect\u00e9es directement aupr\u00e8s de l&rsquo;int\u00e9ress\u00e9 seront trait\u00e9es de mani\u00e8re confidentielle et seront incluses dans les activit\u00e9s de traitement correspondantes, propri\u00e9t\u00e9 d&rsquo;<strong>Ansa Energy, S.L.<\/strong>.<\/p><p>Sur notre site web, nous pouvons traiter certains types de donn\u00e9es personnelles, qui peuvent inclure :<\/p><ul><li>Informations d&rsquo;identit\u00e9: Nom et pr\u00e9nom.<\/li><li>Coordonn\u00e9es: Email et t\u00e9l\u00e9phone<\/li><li>Donn\u00e9es \u00e9conomiques: Coordonn\u00e9es bancaires.<\/li><\/ul><p>Nous ne collectons pas de donn\u00e9es relatives \u00e0 des cat\u00e9gories sp\u00e9ciales de donn\u00e9es personnelles (donn\u00e9es r\u00e9v\u00e9lant l&rsquo;origine raciale ou ethnique, les opinions politiques, les croyances religieuses ou philosophiques, l&rsquo;appartenance syndicale et les informations sur votre sant\u00e9, donn\u00e9es g\u00e9n\u00e9tiques ou biom\u00e9triques).<\/p><p>Dans le cas o\u00f9 la loi ou les termes d&rsquo;un contrat entre nous vous obligent \u00e0 collecter des donn\u00e9es personnelles et que vous refusez de nous les fournir, il se peut que nous ne soyons pas en mesure de conclure le contrat ou de fournir le service et vous devez nous en informer au pr\u00e9alable.<\/p><ol start=\"3\"><li><h3 class=\"fusion-responsive-typography-calculated\" data-fontsize=\"28\" data-lineheight=\"36.96px\"><span style=\"color: #3a88b8;\"><strong>Comment recueillons-nous vos informations personnelles?<\/strong><\/span><\/h3><\/li><\/ol><p>Les moyens que nous utilisons pour collecter les donn\u00e9es personnelles sont:<\/p><ul><li><strong>Par le biais du formulaire sur notre site web, par notre courriel de contact, par t\u00e9l\u00e9phone ou par courrier, lorsque:<\/strong><ul><li>Demander des informations sur nos services<\/li><li>Contracter la prestation de nos services<\/li><li>Envoyez vos commentaires<\/li><\/ul><\/li><\/ul><p>Afin de garantir la qualit\u00e9 de notre site, nous nous r\u00e9servons le droit de\u00a0<strong>refuser toute demande d&rsquo;inscription<\/strong>, de suspendre ou d&rsquo;annuler une inscription pr\u00e9c\u00e9demment accept\u00e9e si nous estimons qu&rsquo;elle ne respecte pas ces exigences ou toute autre loi ou r\u00e9glementation. Dans ce cas, nous essaierons d&rsquo;expliquer les raisons de notre d\u00e9cision, mais nous ne pouvons pas nous engager \u00e0 le faire dans tous les cas.<\/p><ul><li>Par le biais de<strong>la technologie ou d&rsquo;interactions automatis\u00e9es<\/strong>: sur notre site, nous pouvons recueillir automatiquement des donn\u00e9es techniques sur votre ordinateur, vos actions de navigation et vos habitudes d&rsquo;utilisation. Ces donn\u00e9es sont collect\u00e9es par le biais de cookies ou de technologies similaires. Pour plus d&rsquo;informations, veuillez consulter notre politique en mati\u00e8re de cookies ici (lien).<\/li><li><strong>Par l&rsquo;interm\u00e9diaire de tiers:<\/strong><ul><li><strong>Google:\u00a0<\/strong>donn\u00e9es analytiques ou donn\u00e9es de recherche. En dehors de l&rsquo;Union europ\u00e9enne.<\/li><\/ul><\/li><\/ul><ol start=\"4\"><li><h3 class=\"fusion-responsive-typography-calculated\" data-fontsize=\"28\" data-lineheight=\"36.96px\"><span style=\"color: #3a88b8;\"><strong>Objectif et l\u00e9gitimit\u00e9 de l&rsquo;utilisation de vos donn\u00e9es.<\/strong><\/span><\/h3><\/li><\/ol><p>Les utilisations les plus courantes de vos donn\u00e9es personnelles sont:<\/p><ul><li>Pour la formalisation d&rsquo;un contrat entre\u00a0<strong>Ansa Energy, S.L.<\/strong>\u00a0et vous.<\/li><li>Lorsque vous donnez votre consentement au traitement de vos donn\u00e9es<\/li><li>Lorsque nous en avons besoin pour nous conformer \u00e0 une obligation l\u00e9gale ou r\u00e9glementaire.<\/li><li>Lorsque cela est n\u00e9cessaire pour notre int\u00e9r\u00eat l\u00e9gitime ou celui d&rsquo;un tiers.<\/li><\/ul><p>L&rsquo;Utilisateur peut \u00e0 tout moment r\u00e9voquer le consentement donn\u00e9 en envoyant un courriel \u00e0 laresidenciatarifa@gmail.com ou en consultant la section sur l&rsquo;exercice des droits ci-dessous.<\/p><p>Vous trouverez ci-dessous un tableau dans lequel vous pourrez voir les fa\u00e7ons dont nous utiliserons vos donn\u00e9es personnelles et la l\u00e9gitimit\u00e9 de cette utilisation, ainsi que le type de donn\u00e9es personnelles que nous traiterons. Nous pouvons traiter certaines donn\u00e9es personnelles pour des raisons l\u00e9gales suppl\u00e9mentaires. Si vous souhaitez obtenir des d\u00e9tails, veuillez envoyer un courriel \u00e0 laresidenciatarifa@gmail.com.<\/p><table width=\"567\"><tbody><tr><td width=\"236\"><strong>Objectif<\/strong><\/td><td width=\"198\"><strong>Type de donn\u00e9es<\/strong><\/td><td width=\"132\"><strong>L\u00e9gitimit\u00e9 de votre traitement<\/strong><\/td><\/tr><tr><td width=\"236\">Pour demander des informations par le biais du formulaire de contact<\/td><td width=\"198\"><p>\u2013\u00a0 \u00a0 \u00a0 \u00a0Pr\u00e9nom<\/p><p>&#8211; Nom de famille<\/p><p>&#8211; Email<\/p><\/td><td width=\"132\">Consentement de la personne concern\u00e9e<\/td><\/tr><tr><td width=\"236\">Pour faire une r\u00e9servation<\/td><td width=\"198\"><p>\u2013\u00a0 \u00a0 \u00a0 \u00a0Pr\u00e9nom<\/p><p>&#8211; Nom de famille<\/p><p>&#8211; Email<\/p><p>&#8211; T\u00e9l\u00e9phone<\/p><p>&#8211; Coordonn\u00e9es bancaires<\/p><\/td><td width=\"132\">Consentement de la personne concern\u00e9e<\/td><\/tr><\/tbody><\/table><p><strong>Finalit\u00e9<\/strong>: Nous n&rsquo;utiliserons vos donn\u00e9es qu&rsquo;aux fins pour lesquelles nous les collectons, sauf si nous pensons raisonnablement que nous devrions les utiliser pour une autre raison, en vous informant au pr\u00e9alable afin que vous soyez conscient de la raison l\u00e9gale du traitement et \u00e0 condition que la finalit\u00e9 soit compatible avec la finalit\u00e9 initiale.<\/p><ol start=\"5\"><li><h3 class=\"fusion-responsive-typography-calculated\" data-fontsize=\"28\" data-lineheight=\"36.96px\"><span style=\"color: #3a88b8;\"><strong>Combien de temps conservons-nous vos donn\u00e9es?<\/strong><\/span><\/h3><\/li><\/ol><p>Elles seront conserv\u00e9es pendant le temps n\u00e9cessaire \u00e0 la r\u00e9alisation de la finalit\u00e9 pour laquelle elles ont \u00e9t\u00e9 collect\u00e9es et \u00e0 la d\u00e9termination des responsabilit\u00e9s \u00e9ventuelles qui peuvent d\u00e9couler de cette finalit\u00e9 et du traitement des donn\u00e9es. Les dispositions des diff\u00e9rentes r\u00e9glementations relatives \u00e0 la dur\u00e9e de conservation sont applicables, dans la mesure o\u00f9 elles s&rsquo;appliquent \u00e0 ce traitement.<\/p><p><strong>Donn\u00e9es relatives aux abonn\u00e9s par e-mail ou par formulaire<\/strong>: \u00e0 partir du moment o\u00f9 l&rsquo;utilisateur s&rsquo;inscrit jusqu&rsquo;\u00e0 ce qu&rsquo;il se d\u00e9sinscrive.<\/p><ol start=\"6\"><li><h3 class=\"fusion-responsive-typography-calculated\" data-fontsize=\"28\" data-lineheight=\"36.96px\"><span style=\"color: #3a88b8;\"><strong>Exercice des droits de protection des donn\u00e9es :<\/strong><\/span><\/h3><\/li><\/ol><p><strong>Comment exercer ces droits ?<\/strong>\u00a0L&rsquo;utilisateur peut envoyer une communication au si\u00e8ge social d&rsquo;<strong>Ansa Energy, S.L.<\/strong>\u00a0ou \u00e0 l&rsquo;adresse \u00e9lectronique laresidenciatarifa@gmail.com, en incluant dans les deux cas une photocopie de sa carte d&rsquo;identit\u00e9 nationale ou d&rsquo;un autre document d&rsquo;identification similaire, pour demander l&rsquo;exercice des droits suivants :<\/p><ul><li><strong><u>Acc\u00e8s<\/u><\/strong>\u00a0\u00e0 vos donn\u00e9es personnelles : vous pouvez demander \u00e0\u00a0<strong>Ansa Energy, S.L<\/strong>. si elle utilise vos donn\u00e9es personnelles.<\/li><li>Pour demander leur\u00a0<strong><u>rectification<\/u><\/strong>s&rsquo;i elles n&rsquo;\u00e9taient pas correctes, ou d&rsquo;exercer la\u00a0<strong><u>droit \u00e0 l&rsquo;oubli<\/u><\/strong>\u00a0\u00e0 l&rsquo;\u00e9gard de ces derni\u00e9res.<\/li><li>Pour demander la\u00a0<strong><u>limitation du traitement<\/u><\/strong>Dans ce cas, elles ne seront conserv\u00e9es par\u00a0<strong>Ansa Energy, S.L.<\/strong>\u00a0que pour l&rsquo;exercice ou la d\u00e9fense de revendications.<\/li><li><strong><u>S&rsquo;opposer<\/u><\/strong>\u00a0\u00e0 son traitement:\u00a0<strong>Ansa Energy, S.L<\/strong>. cessera de traiter les donn\u00e9es de la mani\u00e8re que vous nous indiquez, sauf si pour des raisons l\u00e9gitimes ou pour l&rsquo;exercice ou la d\u00e9fense d&rsquo;\u00e9ventuelles r\u00e9clamations, celles-ci doivent continuer \u00e0 \u00eatre trait\u00e9es.<\/li><li><strong><u>Portabilit\u00e9\u00a0<\/u><\/strong>des donn\u00e9es : dans le cas o\u00f9 vous souhaitez que vos donn\u00e9es soient trait\u00e9es par une autre entreprise,\u00a0<strong>Ansa Energy, S.L<\/strong>, facilitera la portabilit\u00e9 de vos donn\u00e9es vers le nouveau responsable du traitement.<\/li><\/ul><p>Vous pouvez utiliser les formulaires mis \u00e0 votre disposition par l&rsquo;Agence espagnole de protection des donn\u00e9es pour exercer vos droits ant\u00e9rieurs:\u00a0<a href=\"https:\/\/www.aepd.es\/reglamento\/derechos\/index.html\">Ici<\/a><\/p><p>R\u00e9clamation aupr\u00e8s de l&rsquo;AEPD : si vous consid\u00e9rez qu&rsquo;il y a un probl\u00e8me avec la fa\u00e7on dont\u00a0<strong>Ansa Energy, S.L.<\/strong>\u00a0traite vos donn\u00e9es, vous pouvez adresser vos r\u00e9clamations \u00e0 l&rsquo;autorit\u00e9 de contr\u00f4le correspondante, \u00e9tant en Espagne, celle qui est comp\u00e9tente pour cela:\u00a0<a href=\"https:\/\/sedeagpd.gob.es\/sede-electronica-web\/vistas\/formNuevaReclamacion\/solicitudReclamacion.jsf;jsessionid=5085E2038B4210818633610065963C3E\">Agence espagnole de protection des donn\u00e9es.<\/a><\/p><p>Nous vous demanderons des informations sp\u00e9cifiques pour nous aider \u00e0 confirmer votre identit\u00e9 et \u00e0 garantir votre droit d&rsquo;acc\u00e9der \u00e0 vos donn\u00e9es personnelles (ou d&rsquo;exercer l&rsquo;un des autres droits \u00e9nonc\u00e9s ci-dessus). Il s&rsquo;agit d&rsquo;une mesure de s\u00e9curit\u00e9 visant \u00e0 garantir que les donn\u00e9es personnelles ne sont pas divulgu\u00e9es \u00e0 des personnes qui ne sont pas autoris\u00e9es \u00e0 les recevoir.<\/p><p>Toutes les demandes seront trait\u00e9es dans le d\u00e9lai l\u00e9gal d&rsquo;un mois. Toutefois, le d\u00e9lai peut \u00eatre sup\u00e9rieur \u00e0 un mois si votre demande est particuli\u00e8rement complexe. Dans ce cas, nous vous en informerons et vous tiendrons au courant.<\/p><ol start=\"7\"><li><h3 class=\"fusion-responsive-typography-calculated\" data-fontsize=\"28\" data-lineheight=\"36.96px\"><span style=\"color: #3a88b8;\"><strong>Transfert de donn\u00e9es personnelles<\/strong><\/span><\/h3><\/li><\/ol><p>Il est possible que, dans le cadre de notre travail, nous ayons besoin de l&rsquo;aide de tiers, qui ne traiteront les donn\u00e9es que pour fournir le service contract\u00e9, et avec lesquels nous disposons des mesures correspondantes pour garantir vos droits :<\/p><ul><li>Les prestataires de services qui fournissent des services de technologie de l&rsquo;information et de gestion des syst\u00e8mes.<\/li><li>Les conseillers professionnels, notamment les avocats, les auditeurs et les assureurs, qui fournissent des services bancaires, juridiques, d&rsquo;assurance, de comptabilit\u00e9 et de conseil juridique.<\/li><\/ul><p>Tous les sous-traitants auxquels nous transf\u00e9rons vos donn\u00e9es respecteront la s\u00e9curit\u00e9 de vos donn\u00e9es personnelles et les traiteront conform\u00e9ment au GDPR.<\/p><p>Nous n&rsquo;autorisons ces responsables \u00e0 traiter vos donn\u00e9es qu&rsquo;\u00e0 des fins sp\u00e9cifiques et conform\u00e9ment \u00e0 nos instructions. Cependant vous pouvez nous demander, dans le respect de la transparence d&rsquo;une liste de qui sont ces entreprises qui nous fournissent des services, vous pouvez le faire par email : laresidenciatarifa@gmail.com.<\/p><ol start=\"8\"><li><h3 class=\"fusion-responsive-typography-calculated\" data-fontsize=\"28\" data-lineheight=\"36.96px\"><span style=\"color: #3a88b8;\"><strong>S\u00e9curit\u00e9 des donn\u00e9es<\/strong><\/span><\/h3><\/li><\/ol><p>Nous avons mis en place des mesures de s\u00e9curit\u00e9 appropri\u00e9es pour \u00e9viter que vos informations personnelles ne soient accidentellement perdues, utilis\u00e9es ou consult\u00e9es de mani\u00e8re non autoris\u00e9e, modifi\u00e9es ou divulgu\u00e9es. En outre, nous limitons l&rsquo;acc\u00e8s \u00e0 vos donn\u00e9es personnelles aux employ\u00e9s, agents contractuels et autres tiers qui ont un besoin professionnel de conna\u00eetre ces donn\u00e9es. Ils ne traiteront vos donn\u00e9es personnelles que conform\u00e9ment \u00e0 nos instructions et sont soumis \u00e0 un devoir de confidentialit\u00e9.<\/p><p>Nous avons mis en place des proc\u00e9dures pour faire face \u00e0 toute violation pr\u00e9sum\u00e9e de vos donn\u00e9es personnelles et nous vous notifierons, ainsi qu&rsquo;\u00e0 l&rsquo;autorit\u00e9 de surveillance, en cas de violation de la s\u00e9curit\u00e9, comme le pr\u00e9voient les articles 33 et 34 du GDPR.<\/p>\t\t\t\t\t\t\t\t<\/div>\n\t\t\t\t<\/div>\n\t\t\t\t\t<\/div>\n\t\t<\/div>\n\t\t\t\t\t<\/div>\n\t\t<\/section>\n\t\t\t\t<\/div>\n\t\t","protected":false},"excerpt":{"rendered":"<p>Politique de confidentialit\u00e9 Ce texte juridique d\u00e9taille la mani\u00e8re dont nous collectons et traitons vos donn\u00e9es personnelles lors de votre utilisation de notre site web http:\/\/www.laresidenciatarifa.es, y compris toute information que vous pouvez nous fournir par le biais du site lorsque vous achetez un service ou fournissez vos coordonn\u00e9es par le biais du formulaire de [&hellip;]<\/p>\n","protected":false},"author":1,"featured_media":0,"parent":0,"menu_order":0,"comment_status":"closed","ping_status":"closed","template":"elementor_header_footer","meta":{"_acf_changed":false,"footnotes":""},"class_list":["post-4716","page","type-page","status-publish","hentry"],"acf":[],"yoast_head":"<!-- This site is optimized with the Yoast SEO plugin v27.3 - https:\/\/yoast.com\/product\/yoast-seo-wordpress\/ -->\n<title>Politique de confidentialit\u00e9 apartaments - La Residencia Tarifa<\/title>\n<meta name=\"robots\" content=\"index, follow, max-snippet:-1, max-image-preview:large, max-video-preview:-1\" \/>\n<link rel=\"canonical\" href=\"https:\/\/laresidenciatarifa.com\/fr\/politique-de-confidentialite-apartaments\/\" \/>\n<meta property=\"og:locale\" content=\"fr_FR\" \/>\n<meta property=\"og:type\" content=\"article\" \/>\n<meta property=\"og:title\" content=\"Politique de confidentialit\u00e9 apartaments - La Residencia Tarifa\" \/>\n<meta property=\"og:description\" content=\"Politique de confidentialit\u00e9 Ce texte juridique d\u00e9taille la mani\u00e8re dont nous collectons et traitons vos donn\u00e9es personnelles lors de votre utilisation de notre site web http:\/\/www.laresidenciatarifa.es, y compris toute information que vous pouvez nous fournir par le biais du site lorsque vous achetez un service ou fournissez vos coordonn\u00e9es par le biais du formulaire de [&hellip;]\" \/>\n<meta property=\"og:url\" content=\"https:\/\/laresidenciatarifa.com\/fr\/politique-de-confidentialite-apartaments\/\" \/>\n<meta property=\"og:site_name\" content=\"La Residencia Tarifa\" \/>\n<meta property=\"article:modified_time\" content=\"2023-04-19T09:38:12+00:00\" \/>\n<meta name=\"twitter:card\" content=\"summary_large_image\" \/>\n<meta name=\"twitter:label1\" content=\"Dur\u00e9e de lecture estim\u00e9e\" \/>\n\t<meta name=\"twitter:data1\" content=\"8 minutes\" \/>\n<script type=\"application\/ld+json\" class=\"yoast-schema-graph\">{\"@context\":\"https:\\\/\\\/schema.org\",\"@graph\":[{\"@type\":\"WebPage\",\"@id\":\"https:\\\/\\\/laresidenciatarifa.com\\\/fr\\\/politique-de-confidentialite-apartaments\\\/\",\"url\":\"https:\\\/\\\/laresidenciatarifa.com\\\/fr\\\/politique-de-confidentialite-apartaments\\\/\",\"name\":\"Politique de confidentialit\u00e9 apartaments - La Residencia Tarifa\",\"isPartOf\":{\"@id\":\"https:\\\/\\\/laresidenciatarifa.com\\\/fr\\\/#website\"},\"datePublished\":\"2022-12-21T18:28:01+00:00\",\"dateModified\":\"2023-04-19T09:38:12+00:00\",\"breadcrumb\":{\"@id\":\"https:\\\/\\\/laresidenciatarifa.com\\\/fr\\\/politique-de-confidentialite-apartaments\\\/#breadcrumb\"},\"inLanguage\":\"fr-FR\",\"potentialAction\":[{\"@type\":\"ReadAction\",\"target\":[\"https:\\\/\\\/laresidenciatarifa.com\\\/fr\\\/politique-de-confidentialite-apartaments\\\/\"]}]},{\"@type\":\"BreadcrumbList\",\"@id\":\"https:\\\/\\\/laresidenciatarifa.com\\\/fr\\\/politique-de-confidentialite-apartaments\\\/#breadcrumb\",\"itemListElement\":[{\"@type\":\"ListItem\",\"position\":1,\"name\":\"Portada\",\"item\":\"https:\\\/\\\/laresidenciatarifa.com\\\/fr\\\/\"},{\"@type\":\"ListItem\",\"position\":2,\"name\":\"Politique de confidentialit\u00e9 apartaments\"}]},{\"@type\":\"WebSite\",\"@id\":\"https:\\\/\\\/laresidenciatarifa.com\\\/fr\\\/#website\",\"url\":\"https:\\\/\\\/laresidenciatarifa.com\\\/fr\\\/\",\"name\":\"La Residencia Tarifa\",\"description\":\"Hotel, apartamentos, spa y restaurante\",\"publisher\":{\"@id\":\"https:\\\/\\\/laresidenciatarifa.com\\\/fr\\\/#organization\"},\"potentialAction\":[{\"@type\":\"SearchAction\",\"target\":{\"@type\":\"EntryPoint\",\"urlTemplate\":\"https:\\\/\\\/laresidenciatarifa.com\\\/fr\\\/?s={search_term_string}\"},\"query-input\":{\"@type\":\"PropertyValueSpecification\",\"valueRequired\":true,\"valueName\":\"search_term_string\"}}],\"inLanguage\":\"fr-FR\"},{\"@type\":\"Organization\",\"@id\":\"https:\\\/\\\/laresidenciatarifa.com\\\/fr\\\/#organization\",\"name\":\"La Residencia Tarifa\",\"url\":\"https:\\\/\\\/laresidenciatarifa.com\\\/fr\\\/\",\"logo\":{\"@type\":\"ImageObject\",\"inLanguage\":\"fr-FR\",\"@id\":\"https:\\\/\\\/laresidenciatarifa.com\\\/fr\\\/#\\\/schema\\\/logo\\\/image\\\/\",\"url\":\"https:\\\/\\\/laresidenciatarifa.com\\\/wp-content\\\/uploads\\\/2022\\\/12\\\/logoLaResidencia.png\",\"contentUrl\":\"https:\\\/\\\/laresidenciatarifa.com\\\/wp-content\\\/uploads\\\/2022\\\/12\\\/logoLaResidencia.png\",\"width\":113,\"height\":75,\"caption\":\"La Residencia Tarifa\"},\"image\":{\"@id\":\"https:\\\/\\\/laresidenciatarifa.com\\\/fr\\\/#\\\/schema\\\/logo\\\/image\\\/\"}}]}<\/script>\n<!-- \/ Yoast SEO plugin. -->","yoast_head_json":{"title":"Politique de confidentialit\u00e9 apartaments - La Residencia Tarifa","robots":{"index":"index","follow":"follow","max-snippet":"max-snippet:-1","max-image-preview":"max-image-preview:large","max-video-preview":"max-video-preview:-1"},"canonical":"https:\/\/laresidenciatarifa.com\/fr\/politique-de-confidentialite-apartaments\/","og_locale":"fr_FR","og_type":"article","og_title":"Politique de confidentialit\u00e9 apartaments - La Residencia Tarifa","og_description":"Politique de confidentialit\u00e9 Ce texte juridique d\u00e9taille la mani\u00e8re dont nous collectons et traitons vos donn\u00e9es personnelles lors de votre utilisation de notre site web http:\/\/www.laresidenciatarifa.es, y compris toute information que vous pouvez nous fournir par le biais du site lorsque vous achetez un service ou fournissez vos coordonn\u00e9es par le biais du formulaire de [&hellip;]","og_url":"https:\/\/laresidenciatarifa.com\/fr\/politique-de-confidentialite-apartaments\/","og_site_name":"La Residencia Tarifa","article_modified_time":"2023-04-19T09:38:12+00:00","twitter_card":"summary_large_image","twitter_misc":{"Dur\u00e9e de lecture estim\u00e9e":"8 minutes"},"schema":{"@context":"https:\/\/schema.org","@graph":[{"@type":"WebPage","@id":"https:\/\/laresidenciatarifa.com\/fr\/politique-de-confidentialite-apartaments\/","url":"https:\/\/laresidenciatarifa.com\/fr\/politique-de-confidentialite-apartaments\/","name":"Politique de confidentialit\u00e9 apartaments - La Residencia Tarifa","isPartOf":{"@id":"https:\/\/laresidenciatarifa.com\/fr\/#website"},"datePublished":"2022-12-21T18:28:01+00:00","dateModified":"2023-04-19T09:38:12+00:00","breadcrumb":{"@id":"https:\/\/laresidenciatarifa.com\/fr\/politique-de-confidentialite-apartaments\/#breadcrumb"},"inLanguage":"fr-FR","potentialAction":[{"@type":"ReadAction","target":["https:\/\/laresidenciatarifa.com\/fr\/politique-de-confidentialite-apartaments\/"]}]},{"@type":"BreadcrumbList","@id":"https:\/\/laresidenciatarifa.com\/fr\/politique-de-confidentialite-apartaments\/#breadcrumb","itemListElement":[{"@type":"ListItem","position":1,"name":"Portada","item":"https:\/\/laresidenciatarifa.com\/fr\/"},{"@type":"ListItem","position":2,"name":"Politique de confidentialit\u00e9 apartaments"}]},{"@type":"WebSite","@id":"https:\/\/laresidenciatarifa.com\/fr\/#website","url":"https:\/\/laresidenciatarifa.com\/fr\/","name":"La Residencia Tarifa","description":"Hotel, apartamentos, spa y restaurante","publisher":{"@id":"https:\/\/laresidenciatarifa.com\/fr\/#organization"},"potentialAction":[{"@type":"SearchAction","target":{"@type":"EntryPoint","urlTemplate":"https:\/\/laresidenciatarifa.com\/fr\/?s={search_term_string}"},"query-input":{"@type":"PropertyValueSpecification","valueRequired":true,"valueName":"search_term_string"}}],"inLanguage":"fr-FR"},{"@type":"Organization","@id":"https:\/\/laresidenciatarifa.com\/fr\/#organization","name":"La Residencia Tarifa","url":"https:\/\/laresidenciatarifa.com\/fr\/","logo":{"@type":"ImageObject","inLanguage":"fr-FR","@id":"https:\/\/laresidenciatarifa.com\/fr\/#\/schema\/logo\/image\/","url":"https:\/\/laresidenciatarifa.com\/wp-content\/uploads\/2022\/12\/logoLaResidencia.png","contentUrl":"https:\/\/laresidenciatarifa.com\/wp-content\/uploads\/2022\/12\/logoLaResidencia.png","width":113,"height":75,"caption":"La Residencia Tarifa"},"image":{"@id":"https:\/\/laresidenciatarifa.com\/fr\/#\/schema\/logo\/image\/"}}]}},"_links":{"self":[{"href":"https:\/\/laresidenciatarifa.com\/fr\/wp-json\/wp\/v2\/pages\/4716","targetHints":{"allow":["GET"]}}],"collection":[{"href":"https:\/\/laresidenciatarifa.com\/fr\/wp-json\/wp\/v2\/pages"}],"about":[{"href":"https:\/\/laresidenciatarifa.com\/fr\/wp-json\/wp\/v2\/types\/page"}],"author":[{"embeddable":true,"href":"https:\/\/laresidenciatarifa.com\/fr\/wp-json\/wp\/v2\/users\/1"}],"replies":[{"embeddable":true,"href":"https:\/\/laresidenciatarifa.com\/fr\/wp-json\/wp\/v2\/comments?post=4716"}],"version-history":[{"count":4,"href":"https:\/\/laresidenciatarifa.com\/fr\/wp-json\/wp\/v2\/pages\/4716\/revisions"}],"predecessor-version":[{"id":9747,"href":"https:\/\/laresidenciatarifa.com\/fr\/wp-json\/wp\/v2\/pages\/4716\/revisions\/9747"}],"wp:attachment":[{"href":"https:\/\/laresidenciatarifa.com\/fr\/wp-json\/wp\/v2\/media?parent=4716"}],"curies":[{"name":"wp","href":"https:\/\/api.w.org\/{rel}","templated":true}]}}