{"id":4681,"date":"2022-12-20T20:23:02","date_gmt":"2022-12-20T19:23:02","guid":{"rendered":"https:\/\/laresidenciatarifa.com\/contacto-apartamentos\/"},"modified":"2024-09-16T10:35:49","modified_gmt":"2024-09-16T08:35:49","slug":"contacto-apartamentos","status":"publish","type":"page","link":"https:\/\/laresidenciatarifa.com\/fr\/contacto-apartamentos\/","title":{"rendered":"Contacto Apartamentos"},"content":{"rendered":"\t\t<div data-elementor-type=\"wp-page\" data-elementor-id=\"4681\" class=\"elementor elementor-4681 elementor-3569\" data-elementor-settings=\"{&quot;ha_cmc_init_switcher&quot;:&quot;no&quot;}\" data-elementor-post-type=\"page\">\n\t\t\t\t\t\t<section class=\"elementor-section elementor-top-section elementor-element elementor-element-dd0a791 elementor-section-height-min-height elementor-section-boxed elementor-section-height-default elementor-section-items-middle\" data-id=\"dd0a791\" data-element_type=\"section\" data-e-type=\"section\" data-settings=\"{&quot;_ha_eqh_enable&quot;:false}\">\n\t\t\t\t\t\t<div class=\"elementor-container elementor-column-gap-default\">\n\t\t\t\t\t<div class=\"raven-column-link elementor-column elementor-col-100 elementor-top-column elementor-element elementor-element-d0df2d0\" data-raven-link=\"https:\/\/laresidenciatarifa.com\/contacto-apartamentos\/#contactapt\" data-raven-link-target=\"_self\" data-id=\"d0df2d0\" data-element_type=\"column\" data-e-type=\"column\" data-settings=\"{&quot;background_background&quot;:&quot;classic&quot;}\">\n\t\t\t<div class=\"elementor-widget-wrap elementor-element-populated\">\n\t\t\t\t\t<div class=\"elementor-background-overlay\"><\/div>\n\t\t\t\t\t\t<div class=\"elementor-element elementor-element-66a8cad elementor-widget elementor-widget-spacer\" data-id=\"66a8cad\" data-element_type=\"widget\" data-e-type=\"widget\" data-widget_type=\"spacer.default\">\n\t\t\t\t<div class=\"elementor-widget-container\">\n\t\t\t\t\t\t\t<div class=\"elementor-spacer\">\n\t\t\t<div class=\"elementor-spacer-inner\"><\/div>\n\t\t<\/div>\n\t\t\t\t\t\t<\/div>\n\t\t\t\t<\/div>\n\t\t\t\t<div class=\"elementor-element elementor-element-99c8a05 elementor-widget elementor-widget-heading\" data-id=\"99c8a05\" data-element_type=\"widget\" data-e-type=\"widget\" data-widget_type=\"heading.default\">\n\t\t\t\t<div class=\"elementor-widget-container\">\n\t\t\t\t\t<p class=\"elementor-heading-title elementor-size-default\"><a href=\"https:\/\/laresidenciatarifa.com\/contacto\/#contacthotel\">Les appartements de La Residencia<\/a><\/p>\t\t\t\t<\/div>\n\t\t\t\t<\/div>\n\t\t\t\t<div class=\"elementor-element elementor-element-d770825 elementor-widget elementor-widget-heading\" data-id=\"d770825\" data-element_type=\"widget\" data-e-type=\"widget\" data-widget_type=\"heading.default\">\n\t\t\t\t<div class=\"elementor-widget-container\">\n\t\t\t\t\t<p class=\"elementor-heading-title elementor-size-default\"><a href=\"https:\/\/laresidenciatarifa.com\/contacto\/#contacthotel\">+34 951 088 929<\/a><\/p>\t\t\t\t<\/div>\n\t\t\t\t<\/div>\n\t\t\t\t<div class=\"elementor-element elementor-element-fd0b876 elementor-widget elementor-widget-spacer\" data-id=\"fd0b876\" data-element_type=\"widget\" data-e-type=\"widget\" data-widget_type=\"spacer.default\">\n\t\t\t\t<div class=\"elementor-widget-container\">\n\t\t\t\t\t\t\t<div class=\"elementor-spacer\">\n\t\t\t<div class=\"elementor-spacer-inner\"><\/div>\n\t\t<\/div>\n\t\t\t\t\t\t<\/div>\n\t\t\t\t<\/div>\n\t\t\t\t\t<\/div>\n\t\t<\/div>\n\t\t\t\t\t<\/div>\n\t\t<\/section>\n\t\t\t\t<section class=\"elementor-section elementor-top-section elementor-element elementor-element-96d810b elementor-section-boxed elementor-section-height-default elementor-section-height-default\" data-id=\"96d810b\" data-element_type=\"section\" data-e-type=\"section\" data-settings=\"{&quot;_ha_eqh_enable&quot;:false}\">\n\t\t\t\t\t\t<div class=\"elementor-container elementor-column-gap-default\">\n\t\t\t\t\t<div class=\"elementor-column elementor-col-16 elementor-top-column elementor-element elementor-element-3ccb24f\" data-id=\"3ccb24f\" data-element_type=\"column\" data-e-type=\"column\">\n\t\t\t<div class=\"elementor-widget-wrap\">\n\t\t\t\t\t\t\t<\/div>\n\t\t<\/div>\n\t\t\t\t<div class=\"elementor-column elementor-col-66 elementor-top-column elementor-element elementor-element-a9b4f60\" data-id=\"a9b4f60\" data-element_type=\"column\" data-e-type=\"column\">\n\t\t\t<div class=\"elementor-widget-wrap elementor-element-populated\">\n\t\t\t\t\t\t<div class=\"elementor-element elementor-element-966f0e0 elementor-widget elementor-widget-heading\" data-id=\"966f0e0\" data-element_type=\"widget\" data-e-type=\"widget\" data-widget_type=\"heading.default\">\n\t\t\t\t<div class=\"elementor-widget-container\">\n\t\t\t\t\t<h1 class=\"elementor-heading-title elementor-size-default\">Contactez-nous<\/h1>\t\t\t\t<\/div>\n\t\t\t\t<\/div>\n\t\t\t\t<div class=\"elementor-element elementor-element-8dbe356 elementor-widget elementor-widget-text-editor\" data-id=\"8dbe356\" data-element_type=\"widget\" data-e-type=\"widget\" data-widget_type=\"text-editor.default\">\n\t\t\t\t<div class=\"elementor-widget-container\">\n\t\t\t\t\t\t\t\t\t<div class=\"fusion-text fusion-text-2\"><p>Contactez-nous pour toute question ou tout doute.<\/p><\/div>\t\t\t\t\t\t\t\t<\/div>\n\t\t\t\t<\/div>\n\t\t\t\t<div class=\"elementor-element elementor-element-5c875e8 elementor-button-align-start elementor-widget elementor-widget-form\" data-id=\"5c875e8\" data-element_type=\"widget\" data-e-type=\"widget\" data-settings=\"{&quot;step_next_label&quot;:&quot;Next&quot;,&quot;step_previous_label&quot;:&quot;Previous&quot;,&quot;button_width&quot;:&quot;100&quot;,&quot;step_type&quot;:&quot;number_text&quot;,&quot;step_icon_shape&quot;:&quot;circle&quot;}\" data-widget_type=\"form.default\">\n\t\t\t\t<div class=\"elementor-widget-container\">\n\t\t\t\t\t\t\t<form class=\"elementor-form\" method=\"post\" name=\"New Form\" aria-label=\"New Form\">\n\t\t\t<input type=\"hidden\" name=\"post_id\" value=\"4681\"\/>\n\t\t\t<input type=\"hidden\" name=\"form_id\" value=\"5c875e8\"\/>\n\t\t\t<input type=\"hidden\" name=\"referer_title\" value=\"Contact | Apartamentos La Residencia en Tarifa\" \/>\n\n\t\t\t\t\t\t\t<input type=\"hidden\" name=\"queried_id\" value=\"4681\"\/>\n\t\t\t\n\t\t\t<div class=\"elementor-form-fields-wrapper elementor-labels-above\">\n\t\t\t\t\t\t\t\t<div class=\"elementor-field-type-text elementor-field-group elementor-column elementor-field-group-name elementor-col-100 elementor-field-required\">\n\t\t\t\t\t\t\t\t\t\t\t\t<label for=\"form-field-name\" class=\"elementor-field-label\">\n\t\t\t\t\t\t\t\tVotre nom (obligatoire)\t\t\t\t\t\t\t<\/label>\n\t\t\t\t\t\t\t\t\t\t\t\t\t\t<input size=\"1\" type=\"text\" name=\"form_fields[name]\" id=\"form-field-name\" class=\"elementor-field elementor-size-sm  elementor-field-textual\" required=\"required\">\n\t\t\t\t\t\t\t\t\t\t\t<\/div>\n\t\t\t\t\t\t\t\t<div class=\"elementor-field-type-email elementor-field-group elementor-column elementor-field-group-email elementor-col-100 elementor-field-required\">\n\t\t\t\t\t\t\t\t\t\t\t\t<label for=\"form-field-email\" class=\"elementor-field-label\">\n\t\t\t\t\t\t\t\tVotre e-mail (obligatoire)\t\t\t\t\t\t\t<\/label>\n\t\t\t\t\t\t\t\t\t\t\t\t\t\t<input size=\"1\" type=\"email\" name=\"form_fields[email]\" id=\"form-field-email\" class=\"elementor-field elementor-size-sm  elementor-field-textual\" required=\"required\">\n\t\t\t\t\t\t\t\t\t\t\t<\/div>\n\t\t\t\t\t\t\t\t<div class=\"elementor-field-type-text elementor-field-group elementor-column elementor-field-group-field_e8a7e97 elementor-col-100\">\n\t\t\t\t\t\t\t\t\t\t\t\t<label for=\"form-field-field_e8a7e97\" class=\"elementor-field-label\">\n\t\t\t\t\t\t\t\tSujet\t\t\t\t\t\t\t<\/label>\n\t\t\t\t\t\t\t\t\t\t\t\t\t\t<input size=\"1\" type=\"text\" name=\"form_fields[field_e8a7e97]\" id=\"form-field-field_e8a7e97\" class=\"elementor-field elementor-size-sm  elementor-field-textual\">\n\t\t\t\t\t\t\t\t\t\t\t<\/div>\n\t\t\t\t\t\t\t\t<div class=\"elementor-field-type-textarea elementor-field-group elementor-column elementor-field-group-message elementor-col-100\">\n\t\t\t\t\t\t\t\t\t\t\t\t<label for=\"form-field-message\" class=\"elementor-field-label\">\n\t\t\t\t\t\t\t\tVotre message\t\t\t\t\t\t\t<\/label>\n\t\t\t\t\t\t<textarea class=\"elementor-field-textual elementor-field  elementor-size-sm\" name=\"form_fields[message]\" id=\"form-field-message\" rows=\"4\"><\/textarea>\t\t\t\t<\/div>\n\t\t\t\t\t\t\t\t<div class=\"elementor-field-type-text\">\n\t\t\t\t\t<input size=\"1\" type=\"text\" name=\"form_fields[field_5eb224f]\" id=\"form-field-field_5eb224f\" class=\"elementor-field elementor-size-sm \" style=\"display:none !important;\">\t\t\t\t<\/div>\n\t\t\t\t\t\t\t\t<div class=\"elementor-field-type-recaptcha_v3 elementor-field-group elementor-column elementor-field-group-field_2dcd13d elementor-col-100 recaptcha_v3-bottomleft\">\n\t\t\t\t\t<div class=\"elementor-field\" id=\"form-field-field_2dcd13d\"><div class=\"elementor-g-recaptcha\" data-sitekey=\"6LcHw9cpAAAAADj3-tTmPTK6RwMs6icRFL3rMMt1\" data-type=\"v3\" data-action=\"Form\" data-badge=\"bottomleft\" data-size=\"invisible\"><\/div><\/div>\t\t\t\t<\/div>\n\t\t\t\t\t\t\t\t<div class=\"elementor-field-group elementor-column elementor-field-type-submit elementor-col-100 e-form__buttons\">\n\t\t\t\t\t<button class=\"elementor-button elementor-size-sm\" type=\"submit\">\n\t\t\t\t\t\t<span class=\"elementor-button-content-wrapper\">\n\t\t\t\t\t\t\t\t\t\t\t\t\t\t\t\t\t\t\t\t\t\t<span class=\"elementor-button-text\">ENVOYER<\/span>\n\t\t\t\t\t\t\t\t\t\t\t\t\t<\/span>\n\t\t\t\t\t<\/button>\n\t\t\t\t<\/div>\n\t\t\t<\/div>\n\t\t<\/form>\n\t\t\t\t\t\t<\/div>\n\t\t\t\t<\/div>\n\t\t\t\t<div class=\"elementor-element elementor-element-f4ed8a4 elementor-widget elementor-widget-menu-anchor\" data-id=\"f4ed8a4\" data-element_type=\"widget\" data-e-type=\"widget\" data-widget_type=\"menu-anchor.default\">\n\t\t\t\t<div class=\"elementor-widget-container\">\n\t\t\t\t\t\t\t<div class=\"elementor-menu-anchor\" id=\"contactapt\"><\/div>\n\t\t\t\t\t\t<\/div>\n\t\t\t\t<\/div>\n\t\t\t\t\t<\/div>\n\t\t<\/div>\n\t\t\t\t<div class=\"elementor-column elementor-col-16 elementor-top-column elementor-element elementor-element-4359e3d\" data-id=\"4359e3d\" data-element_type=\"column\" data-e-type=\"column\">\n\t\t\t<div class=\"elementor-widget-wrap\">\n\t\t\t\t\t\t\t<\/div>\n\t\t<\/div>\n\t\t\t\t\t<\/div>\n\t\t<\/section>\n\t\t\t\t<section class=\"elementor-section elementor-top-section elementor-element elementor-element-f8303df elementor-section-boxed elementor-section-height-default elementor-section-height-default\" data-id=\"f8303df\" data-element_type=\"section\" data-e-type=\"section\" data-settings=\"{&quot;_ha_eqh_enable&quot;:false}\">\n\t\t\t\t\t\t<div class=\"elementor-container elementor-column-gap-default\">\n\t\t\t\t\t<div class=\"elementor-column elementor-col-100 elementor-top-column elementor-element elementor-element-fe41138\" data-id=\"fe41138\" data-element_type=\"column\" data-e-type=\"column\">\n\t\t\t<div class=\"elementor-widget-wrap elementor-element-populated\">\n\t\t\t\t\t\t<div class=\"elementor-element elementor-element-16a1f02 elementor-widget elementor-widget-image\" data-id=\"16a1f02\" data-element_type=\"widget\" data-e-type=\"widget\" data-widget_type=\"image.default\">\n\t\t\t\t<div class=\"elementor-widget-container\">\n\t\t\t\t\t\t\t\t\t\t\t\t\t\t\t<img fetchpriority=\"high\" decoding=\"async\" width=\"1024\" height=\"724\" src=\"https:\/\/laresidenciatarifa.com\/wp-content\/uploads\/2022\/12\/inicioApartamentos.jpg\" class=\"attachment-full size-full wp-image-263\" alt=\"\" srcset=\"https:\/\/laresidenciatarifa.com\/wp-content\/uploads\/2022\/12\/inicioApartamentos.jpg 1024w, https:\/\/laresidenciatarifa.com\/wp-content\/uploads\/2022\/12\/inicioApartamentos-300x212.jpg 300w, https:\/\/laresidenciatarifa.com\/wp-content\/uploads\/2022\/12\/inicioApartamentos-768x543.jpg 768w\" sizes=\"(max-width: 1024px) 100vw, 1024px\" \/>\t\t\t\t\t\t\t\t\t\t\t\t\t\t\t<\/div>\n\t\t\t\t<\/div>\n\t\t\t\t<section class=\"elementor-section elementor-inner-section elementor-element elementor-element-9f6da4e elementor-section-boxed elementor-section-height-default elementor-section-height-default\" data-id=\"9f6da4e\" data-element_type=\"section\" data-e-type=\"section\" data-settings=\"{&quot;_ha_eqh_enable&quot;:false}\">\n\t\t\t\t\t\t<div class=\"elementor-container elementor-column-gap-default\">\n\t\t\t\t\t<div class=\"elementor-column elementor-col-50 elementor-inner-column elementor-element elementor-element-1bbdc92\" data-id=\"1bbdc92\" data-element_type=\"column\" data-e-type=\"column\" data-settings=\"{&quot;background_background&quot;:&quot;classic&quot;}\">\n\t\t\t<div class=\"elementor-widget-wrap elementor-element-populated\">\n\t\t\t\t\t\t<div class=\"elementor-element elementor-element-6b5955d elementor-widget elementor-widget-heading\" data-id=\"6b5955d\" data-element_type=\"widget\" data-e-type=\"widget\" data-widget_type=\"heading.default\">\n\t\t\t\t<div class=\"elementor-widget-container\">\n\t\t\t\t\t<h2 class=\"elementor-heading-title elementor-size-default\">Les appartements de La Residencia<\/h2>\t\t\t\t<\/div>\n\t\t\t\t<\/div>\n\t\t\t\t<div class=\"elementor-element elementor-element-a2c809a elementor-widget elementor-widget-text-editor\" data-id=\"a2c809a\" data-element_type=\"widget\" data-e-type=\"widget\" data-widget_type=\"text-editor.default\">\n\t\t\t\t<div class=\"elementor-widget-container\">\n\t\t\t\t\t\t\t\t\t<h6 class=\"\" data-fontsize=\"12\" data-lineheight=\"20.64px\">Adresse<\/h6><p><span style=\"color: #333333;\">Rue Jes\u00fas 5<br \/>11380, Tarifa<\/span><\/p><h6 class=\"\" data-fontsize=\"12\" data-lineheight=\"20.64px\">T\u00e9l\u00e9phone<\/h6><p><span style=\"color: #333333;\"><a href=\"tel:0034951088929\">+34 951 088 929<\/a><\/span><\/p><h6 class=\"\" data-fontsize=\"12\" data-lineheight=\"20.64px\">Email<\/h6><p><a href=\"mailto:apartamentos@laresidenciatarifa.com\">apartamentos@laresidenciatarifa.com<\/a><\/p>\t\t\t\t\t\t\t\t<\/div>\n\t\t\t\t<\/div>\n\t\t\t\t\t<\/div>\n\t\t<\/div>\n\t\t\t\t<div class=\"elementor-column elementor-col-50 elementor-inner-column elementor-element elementor-element-d445883\" data-id=\"d445883\" data-element_type=\"column\" data-e-type=\"column\">\n\t\t\t<div class=\"elementor-widget-wrap\">\n\t\t\t\t\t\t\t<\/div>\n\t\t<\/div>\n\t\t\t\t\t<\/div>\n\t\t<\/section>\n\t\t\t\t\t<\/div>\n\t\t<\/div>\n\t\t\t\t\t<\/div>\n\t\t<\/section>\n\t\t\t\t<section class=\"elementor-section elementor-top-section elementor-element elementor-element-f7db25a elementor-section-boxed elementor-section-height-default elementor-section-height-default\" data-id=\"f7db25a\" data-element_type=\"section\" data-e-type=\"section\" data-settings=\"{&quot;_ha_eqh_enable&quot;:false}\">\n\t\t\t\t\t\t<div class=\"elementor-container elementor-column-gap-default\">\n\t\t\t\t\t<div class=\"elementor-column elementor-col-100 elementor-top-column elementor-element elementor-element-e81efd2\" data-id=\"e81efd2\" data-element_type=\"column\" data-e-type=\"column\">\n\t\t\t<div class=\"elementor-widget-wrap elementor-element-populated\">\n\t\t\t\t\t\t<div class=\"elementor-element elementor-element-f6234d9 elementor-widget elementor-widget-text-editor\" data-id=\"f6234d9\" data-element_type=\"widget\" data-e-type=\"widget\" data-widget_type=\"text-editor.default\">\n\t\t\t\t<div class=\"elementor-widget-container\">\n\t\t\t\t\t\t\t\t\t<div class=\"fusion-text fusion-text-14\"><p><strong>R\u00e9servations Appartements<\/strong><\/p><\/div><div class=\"fusion-text fusion-text-15\"><a href=\"mailto:apartamentos@laresidenciatarifa.com\">apartamentos@laresidenciatarifa.com<\/a><\/div>\t\t\t\t\t\t\t\t<\/div>\n\t\t\t\t<\/div>\n\t\t\t\t\t<\/div>\n\t\t<\/div>\n\t\t\t\t\t<\/div>\n\t\t<\/section>\n\t\t\t\t<\/div>\n\t\t","protected":false},"excerpt":{"rendered":"<p>Les appartements de La Residencia +34 951 088 929 Contactez-nous Contactez-nous pour toute question ou tout doute. Les appartements de La Residencia Adresse Rue Jes\u00fas 511380, Tarifa T\u00e9l\u00e9phone +34 951 088 929 Email apartamentos@laresidenciatarifa.com R\u00e9servations Appartements apartamentos@laresidenciatarifa.com<\/p>\n","protected":false},"author":1,"featured_media":0,"parent":0,"menu_order":0,"comment_status":"closed","ping_status":"closed","template":"elementor_header_footer","meta":{"_acf_changed":false,"footnotes":""},"class_list":["post-4681","page","type-page","status-publish","hentry"],"acf":[],"yoast_head":"<!-- This site is optimized with the Yoast SEO plugin v27.4 - https:\/\/yoast.com\/product\/yoast-seo-wordpress\/ -->\n<title>Contact | Apartamentos La Residencia en Tarifa<\/title>\n<meta name=\"description\" content=\"Si vous souhaitez nous contacter, vous pouvez le faire ici. R\u00e9solvez vos doutes, faites votre r\u00e9servation ou posez vos questions.\" \/>\n<meta name=\"robots\" content=\"index, follow, max-snippet:-1, max-image-preview:large, max-video-preview:-1\" \/>\n<link rel=\"canonical\" href=\"https:\/\/laresidenciatarifa.com\/fr\/contacto-apartamentos\/\" \/>\n<meta property=\"og:locale\" content=\"fr_FR\" \/>\n<meta property=\"og:type\" content=\"article\" \/>\n<meta property=\"og:title\" content=\"Contact | Apartamentos La Residencia en Tarifa\" \/>\n<meta property=\"og:description\" content=\"Si vous souhaitez nous contacter, vous pouvez le faire ici. R\u00e9solvez vos doutes, faites votre r\u00e9servation ou posez vos questions.\" \/>\n<meta property=\"og:url\" content=\"https:\/\/laresidenciatarifa.com\/fr\/contacto-apartamentos\/\" \/>\n<meta property=\"og:site_name\" content=\"La Residencia Tarifa\" \/>\n<meta property=\"article:modified_time\" content=\"2024-09-16T08:35:49+00:00\" \/>\n<meta property=\"og:image\" content=\"https:\/\/laresidenciatarifa.com\/wp-content\/uploads\/2022\/12\/inicioApartamentos.jpg\" \/>\n<meta name=\"twitter:card\" content=\"summary_large_image\" \/>\n<script type=\"application\/ld+json\" class=\"yoast-schema-graph\">{\"@context\":\"https:\\\/\\\/schema.org\",\"@graph\":[{\"@type\":\"WebPage\",\"@id\":\"https:\\\/\\\/laresidenciatarifa.com\\\/fr\\\/contacto-apartamentos\\\/\",\"url\":\"https:\\\/\\\/laresidenciatarifa.com\\\/fr\\\/contacto-apartamentos\\\/\",\"name\":\"Contact | Apartamentos La Residencia en Tarifa\",\"isPartOf\":{\"@id\":\"https:\\\/\\\/laresidenciatarifa.com\\\/fr\\\/#website\"},\"primaryImageOfPage\":{\"@id\":\"https:\\\/\\\/laresidenciatarifa.com\\\/fr\\\/contacto-apartamentos\\\/#primaryimage\"},\"image\":{\"@id\":\"https:\\\/\\\/laresidenciatarifa.com\\\/fr\\\/contacto-apartamentos\\\/#primaryimage\"},\"thumbnailUrl\":\"https:\\\/\\\/laresidenciatarifa.com\\\/wp-content\\\/uploads\\\/2022\\\/12\\\/inicioApartamentos.jpg\",\"datePublished\":\"2022-12-20T19:23:02+00:00\",\"dateModified\":\"2024-09-16T08:35:49+00:00\",\"description\":\"Si vous souhaitez nous contacter, vous pouvez le faire ici. R\u00e9solvez vos doutes, faites votre r\u00e9servation ou posez vos questions.\",\"breadcrumb\":{\"@id\":\"https:\\\/\\\/laresidenciatarifa.com\\\/fr\\\/contacto-apartamentos\\\/#breadcrumb\"},\"inLanguage\":\"fr-FR\",\"potentialAction\":[{\"@type\":\"ReadAction\",\"target\":[\"https:\\\/\\\/laresidenciatarifa.com\\\/fr\\\/contacto-apartamentos\\\/\"]}]},{\"@type\":\"ImageObject\",\"inLanguage\":\"fr-FR\",\"@id\":\"https:\\\/\\\/laresidenciatarifa.com\\\/fr\\\/contacto-apartamentos\\\/#primaryimage\",\"url\":\"https:\\\/\\\/laresidenciatarifa.com\\\/wp-content\\\/uploads\\\/2022\\\/12\\\/inicioApartamentos.jpg\",\"contentUrl\":\"https:\\\/\\\/laresidenciatarifa.com\\\/wp-content\\\/uploads\\\/2022\\\/12\\\/inicioApartamentos.jpg\"},{\"@type\":\"BreadcrumbList\",\"@id\":\"https:\\\/\\\/laresidenciatarifa.com\\\/fr\\\/contacto-apartamentos\\\/#breadcrumb\",\"itemListElement\":[{\"@type\":\"ListItem\",\"position\":1,\"name\":\"Portada\",\"item\":\"https:\\\/\\\/laresidenciatarifa.com\\\/fr\\\/\"},{\"@type\":\"ListItem\",\"position\":2,\"name\":\"Contacto Apartamentos\"}]},{\"@type\":\"WebSite\",\"@id\":\"https:\\\/\\\/laresidenciatarifa.com\\\/fr\\\/#website\",\"url\":\"https:\\\/\\\/laresidenciatarifa.com\\\/fr\\\/\",\"name\":\"La Residencia Tarifa\",\"description\":\"Hotel, apartamentos, spa y restaurante\",\"publisher\":{\"@id\":\"https:\\\/\\\/laresidenciatarifa.com\\\/fr\\\/#organization\"},\"potentialAction\":[{\"@type\":\"SearchAction\",\"target\":{\"@type\":\"EntryPoint\",\"urlTemplate\":\"https:\\\/\\\/laresidenciatarifa.com\\\/fr\\\/?s={search_term_string}\"},\"query-input\":{\"@type\":\"PropertyValueSpecification\",\"valueRequired\":true,\"valueName\":\"search_term_string\"}}],\"inLanguage\":\"fr-FR\"},{\"@type\":\"Organization\",\"@id\":\"https:\\\/\\\/laresidenciatarifa.com\\\/fr\\\/#organization\",\"name\":\"La Residencia Tarifa\",\"url\":\"https:\\\/\\\/laresidenciatarifa.com\\\/fr\\\/\",\"logo\":{\"@type\":\"ImageObject\",\"inLanguage\":\"fr-FR\",\"@id\":\"https:\\\/\\\/laresidenciatarifa.com\\\/fr\\\/#\\\/schema\\\/logo\\\/image\\\/\",\"url\":\"https:\\\/\\\/laresidenciatarifa.com\\\/wp-content\\\/uploads\\\/2022\\\/12\\\/logoLaResidencia.png\",\"contentUrl\":\"https:\\\/\\\/laresidenciatarifa.com\\\/wp-content\\\/uploads\\\/2022\\\/12\\\/logoLaResidencia.png\",\"width\":113,\"height\":75,\"caption\":\"La Residencia Tarifa\"},\"image\":{\"@id\":\"https:\\\/\\\/laresidenciatarifa.com\\\/fr\\\/#\\\/schema\\\/logo\\\/image\\\/\"}}]}<\/script>\n<!-- \/ Yoast SEO plugin. -->","yoast_head_json":{"title":"Contact | Apartamentos La Residencia en Tarifa","description":"Si vous souhaitez nous contacter, vous pouvez le faire ici. R\u00e9solvez vos doutes, faites votre r\u00e9servation ou posez vos questions.","robots":{"index":"index","follow":"follow","max-snippet":"max-snippet:-1","max-image-preview":"max-image-preview:large","max-video-preview":"max-video-preview:-1"},"canonical":"https:\/\/laresidenciatarifa.com\/fr\/contacto-apartamentos\/","og_locale":"fr_FR","og_type":"article","og_title":"Contact | Apartamentos La Residencia en Tarifa","og_description":"Si vous souhaitez nous contacter, vous pouvez le faire ici. R\u00e9solvez vos doutes, faites votre r\u00e9servation ou posez vos questions.","og_url":"https:\/\/laresidenciatarifa.com\/fr\/contacto-apartamentos\/","og_site_name":"La Residencia Tarifa","article_modified_time":"2024-09-16T08:35:49+00:00","og_image":[{"url":"https:\/\/laresidenciatarifa.com\/wp-content\/uploads\/2022\/12\/inicioApartamentos.jpg","type":"","width":"","height":""}],"twitter_card":"summary_large_image","schema":{"@context":"https:\/\/schema.org","@graph":[{"@type":"WebPage","@id":"https:\/\/laresidenciatarifa.com\/fr\/contacto-apartamentos\/","url":"https:\/\/laresidenciatarifa.com\/fr\/contacto-apartamentos\/","name":"Contact | Apartamentos La Residencia en Tarifa","isPartOf":{"@id":"https:\/\/laresidenciatarifa.com\/fr\/#website"},"primaryImageOfPage":{"@id":"https:\/\/laresidenciatarifa.com\/fr\/contacto-apartamentos\/#primaryimage"},"image":{"@id":"https:\/\/laresidenciatarifa.com\/fr\/contacto-apartamentos\/#primaryimage"},"thumbnailUrl":"https:\/\/laresidenciatarifa.com\/wp-content\/uploads\/2022\/12\/inicioApartamentos.jpg","datePublished":"2022-12-20T19:23:02+00:00","dateModified":"2024-09-16T08:35:49+00:00","description":"Si vous souhaitez nous contacter, vous pouvez le faire ici. R\u00e9solvez vos doutes, faites votre r\u00e9servation ou posez vos questions.","breadcrumb":{"@id":"https:\/\/laresidenciatarifa.com\/fr\/contacto-apartamentos\/#breadcrumb"},"inLanguage":"fr-FR","potentialAction":[{"@type":"ReadAction","target":["https:\/\/laresidenciatarifa.com\/fr\/contacto-apartamentos\/"]}]},{"@type":"ImageObject","inLanguage":"fr-FR","@id":"https:\/\/laresidenciatarifa.com\/fr\/contacto-apartamentos\/#primaryimage","url":"https:\/\/laresidenciatarifa.com\/wp-content\/uploads\/2022\/12\/inicioApartamentos.jpg","contentUrl":"https:\/\/laresidenciatarifa.com\/wp-content\/uploads\/2022\/12\/inicioApartamentos.jpg"},{"@type":"BreadcrumbList","@id":"https:\/\/laresidenciatarifa.com\/fr\/contacto-apartamentos\/#breadcrumb","itemListElement":[{"@type":"ListItem","position":1,"name":"Portada","item":"https:\/\/laresidenciatarifa.com\/fr\/"},{"@type":"ListItem","position":2,"name":"Contacto Apartamentos"}]},{"@type":"WebSite","@id":"https:\/\/laresidenciatarifa.com\/fr\/#website","url":"https:\/\/laresidenciatarifa.com\/fr\/","name":"La Residencia Tarifa","description":"Hotel, apartamentos, spa y restaurante","publisher":{"@id":"https:\/\/laresidenciatarifa.com\/fr\/#organization"},"potentialAction":[{"@type":"SearchAction","target":{"@type":"EntryPoint","urlTemplate":"https:\/\/laresidenciatarifa.com\/fr\/?s={search_term_string}"},"query-input":{"@type":"PropertyValueSpecification","valueRequired":true,"valueName":"search_term_string"}}],"inLanguage":"fr-FR"},{"@type":"Organization","@id":"https:\/\/laresidenciatarifa.com\/fr\/#organization","name":"La Residencia Tarifa","url":"https:\/\/laresidenciatarifa.com\/fr\/","logo":{"@type":"ImageObject","inLanguage":"fr-FR","@id":"https:\/\/laresidenciatarifa.com\/fr\/#\/schema\/logo\/image\/","url":"https:\/\/laresidenciatarifa.com\/wp-content\/uploads\/2022\/12\/logoLaResidencia.png","contentUrl":"https:\/\/laresidenciatarifa.com\/wp-content\/uploads\/2022\/12\/logoLaResidencia.png","width":113,"height":75,"caption":"La Residencia Tarifa"},"image":{"@id":"https:\/\/laresidenciatarifa.com\/fr\/#\/schema\/logo\/image\/"}}]}},"_links":{"self":[{"href":"https:\/\/laresidenciatarifa.com\/fr\/wp-json\/wp\/v2\/pages\/4681","targetHints":{"allow":["GET"]}}],"collection":[{"href":"https:\/\/laresidenciatarifa.com\/fr\/wp-json\/wp\/v2\/pages"}],"about":[{"href":"https:\/\/laresidenciatarifa.com\/fr\/wp-json\/wp\/v2\/types\/page"}],"author":[{"embeddable":true,"href":"https:\/\/laresidenciatarifa.com\/fr\/wp-json\/wp\/v2\/users\/1"}],"replies":[{"embeddable":true,"href":"https:\/\/laresidenciatarifa.com\/fr\/wp-json\/wp\/v2\/comments?post=4681"}],"version-history":[{"count":36,"href":"https:\/\/laresidenciatarifa.com\/fr\/wp-json\/wp\/v2\/pages\/4681\/revisions"}],"predecessor-version":[{"id":16625,"href":"https:\/\/laresidenciatarifa.com\/fr\/wp-json\/wp\/v2\/pages\/4681\/revisions\/16625"}],"wp:attachment":[{"href":"https:\/\/laresidenciatarifa.com\/fr\/wp-json\/wp\/v2\/media?parent=4681"}],"curies":[{"name":"wp","href":"https:\/\/api.w.org\/{rel}","templated":true}]}}