{"id":15515,"date":"2024-04-26T10:25:04","date_gmt":"2024-04-26T08:25:04","guid":{"rendered":"https:\/\/laresidenciatarifa.com\/?page_id=15515"},"modified":"2025-06-30T08:57:14","modified_gmt":"2025-06-30T06:57:14","slug":"visite-virtuelle-hotel-spa","status":"publish","type":"page","link":"https:\/\/laresidenciatarifa.com\/fr\/visite-virtuelle-hotel-spa\/","title":{"rendered":"Visite virtuelle \u00e0 360\u00b0 de l&rsquo;h\u00f4tel et du spa"},"content":{"rendered":"\t\t<div data-elementor-type=\"wp-page\" data-elementor-id=\"15515\" class=\"elementor elementor-15515 elementor-15022\" data-elementor-settings=\"{&quot;ha_cmc_init_switcher&quot;:&quot;no&quot;}\" data-elementor-post-type=\"page\">\n\t\t\t\t\t\t<section class=\"elementor-section elementor-top-section elementor-element elementor-element-43289ee elementor-section-boxed elementor-section-height-default elementor-section-height-default\" data-id=\"43289ee\" data-element_type=\"section\" data-e-type=\"section\" data-settings=\"{&quot;_ha_eqh_enable&quot;:false}\">\n\t\t\t\t\t\t<div class=\"elementor-container elementor-column-gap-default\">\n\t\t\t\t\t<div class=\"elementor-column elementor-col-100 elementor-top-column elementor-element elementor-element-19d95f2\" data-id=\"19d95f2\" data-element_type=\"column\" data-e-type=\"column\">\n\t\t\t<div class=\"elementor-widget-wrap elementor-element-populated\">\n\t\t\t\t\t\t<div class=\"elementor-element elementor-element-9e00938 elementor-widget elementor-widget-heading\" data-id=\"9e00938\" data-element_type=\"widget\" data-e-type=\"widget\" data-widget_type=\"heading.default\">\n\t\t\t\t<div class=\"elementor-widget-container\">\n\t\t\t\t\t<h1 class=\"elementor-heading-title elementor-size-default\">Visite virtuelle: d\u00e9couvrez l'h\u00f4tel et le spa de l'int\u00e9rieur<\/h1>\t\t\t\t<\/div>\n\t\t\t\t<\/div>\n\t\t\t\t<div class=\"elementor-element elementor-element-d1a486a elementor-widget elementor-widget-text-editor\" data-id=\"d1a486a\" data-element_type=\"widget\" data-e-type=\"widget\" data-widget_type=\"text-editor.default\">\n\t\t\t\t<div class=\"elementor-widget-container\">\n\t\t\t\t\t\t\t\t\t<div class=\"fusion-text fusion-text-2\"><p>D\u00e9couvrez avec ces vues \u00e0 360\u00ba l&rsquo;int\u00e9rieur de votre h\u00f4tel \u00e0 Tarifa, les installations du spa, les chambres avec vue sur la mer&#8230;<\/p><\/div>\t\t\t\t\t\t\t\t<\/div>\n\t\t\t\t<\/div>\n\t\t\t\t<div class=\"elementor-element elementor-element-5830630 elementor-widget elementor-widget-text-editor\" data-id=\"5830630\" data-element_type=\"widget\" data-e-type=\"widget\" data-widget_type=\"text-editor.default\">\n\t\t\t\t<div class=\"elementor-widget-container\">\n\t\t\t\t\t\t\t\t\t<div class=\"fusion-text fusion-text-2\"><p>Nous savons que la premi\u00e8re impression est d\u00e9terminante. C&rsquo;est pourquoi, \u00e0 La Residencia Puerto, nous sommes ravis de partager nos visites virtuelles \u00e0 360\u00ba avec nos futurs h\u00f4tes.<\/p><p>Nous vous invitons \u00e0 d\u00e9couvrir l&rsquo;exp\u00e9rience en d\u00e9tail, dans les moindres recoins de La Residencia Puerto Tarifa.<\/p><\/div>\t\t\t\t\t\t\t\t<\/div>\n\t\t\t\t<\/div>\n\t\t\t\t\t<\/div>\n\t\t<\/div>\n\t\t\t\t\t<\/div>\n\t\t<\/section>\n\t\t\t\t<section class=\"elementor-section elementor-top-section elementor-element elementor-element-f6a8458 elementor-section-boxed elementor-section-height-default elementor-section-height-default\" data-id=\"f6a8458\" data-element_type=\"section\" data-e-type=\"section\" id=\"apartamento-superior-2-dormitorios-vista-mar\" data-settings=\"{&quot;_ha_eqh_enable&quot;:false}\">\n\t\t\t\t\t\t<div class=\"elementor-container elementor-column-gap-default\">\n\t\t\t\t\t<div class=\"elementor-column elementor-col-100 elementor-top-column elementor-element elementor-element-7cd917b\" data-id=\"7cd917b\" data-element_type=\"column\" data-e-type=\"column\">\n\t\t\t<div class=\"elementor-widget-wrap elementor-element-populated\">\n\t\t\t\t\t\t<div class=\"elementor-element elementor-element-899e52c elementor-widget elementor-widget-html\" data-id=\"899e52c\" data-element_type=\"widget\" data-e-type=\"widget\" data-widget_type=\"html.default\">\n\t\t\t\t<div class=\"elementor-widget-container\">\n\t\t\t\t\t<iframe id=\"\/tours\/TDGIlOLqr_\" allow=\"camera;microphone;vr;accelerometer;gyroscope;fullscreen\" allowfullscreen frameborder=\"0\" width=\"100%\" height=\"600\" src=\"https:\/\/app.cloudpano.com\/tours\/TDGIlOLqr_\"><\/iframe>\t\t\t\t<\/div>\n\t\t\t\t<\/div>\n\t\t\t\t\t<\/div>\n\t\t<\/div>\n\t\t\t\t\t<\/div>\n\t\t<\/section>\n\t\t\t\t<section class=\"elementor-section elementor-top-section elementor-element elementor-element-c25a370 elementor-section-boxed elementor-section-height-default elementor-section-height-default\" data-id=\"c25a370\" data-element_type=\"section\" data-e-type=\"section\" data-settings=\"{&quot;_ha_eqh_enable&quot;:false}\">\n\t\t\t\t\t\t<div class=\"elementor-container elementor-column-gap-default\">\n\t\t\t\t\t<div class=\"elementor-column elementor-col-100 elementor-top-column elementor-element elementor-element-ec9452c\" data-id=\"ec9452c\" data-element_type=\"column\" data-e-type=\"column\">\n\t\t\t<div class=\"elementor-widget-wrap elementor-element-populated\">\n\t\t\t\t\t\t<div class=\"elementor-element elementor-element-c4ce086 elementor-widget elementor-widget-html\" data-id=\"c4ce086\" data-element_type=\"widget\" data-e-type=\"widget\" data-widget_type=\"html.default\">\n\t\t\t\t<div class=\"elementor-widget-container\">\n\t\t\t\t\t<div id=\"roi-engine-container\"\r\n     class=\"roi-engine-container\">\r\n    <div id=\"roi-engine-loading\" style=\"text-align: center; width: 100%; height: 113px; padding-top: 25px;\">\r\n        <img decoding=\"async\" src=\"https:\/\/laresidenciahotelspa.backhotelite.com\/roi-widgets\/static\/img\/loading_widget.gif\" width=\"64\" height=\"64\"\/>\r\n    <\/div>\r\n<\/div>\r\n<script>\r\n    (function(r,o,i){\r\n        var h=r.getElementsByTagName(o)[0],e=r.createElement(o);\r\n        e.src='https:\/\/laresidenciahotelspa.backhotelite.com\/fr\/roi-widgets\/engine.js?lang=fr';\r\n        h.parentNode.insertBefore(e,h);\r\n    })(document,'script','');\r\n<\/script>\t\t\t\t<\/div>\n\t\t\t\t<\/div>\n\t\t\t\t<div class=\"elementor-element elementor-element-862ab6b elementor-widget elementor-widget-shortcode\" data-id=\"862ab6b\" data-element_type=\"widget\" data-e-type=\"widget\" data-widget_type=\"shortcode.default\">\n\t\t\t\t<div class=\"elementor-widget-container\">\n\t\t\t\t\t\t\t<div class=\"elementor-shortcode\"><!-- ASKSUITE CODE START --> <script id=\"script-infochat\" src='https:\/\/cdn.asksuite.com\/infochat.js?dataConfig=https:\/\/control.asksuite.com\/api\/companies\/hotel-la-residencia-spa-tarifa'><\/script> <!-- ASKSUITE CODE END --><\/div>\n\t\t\t\t\t\t<\/div>\n\t\t\t\t<\/div>\n\t\t\t\t\t<\/div>\n\t\t<\/div>\n\t\t\t\t\t<\/div>\n\t\t<\/section>\n\t\t<div class=\"elementor-element elementor-element-fae70ee e-con-full e-flex e-con e-child\" data-id=\"fae70ee\" data-element_type=\"container\" data-e-type=\"container\" data-settings=\"{&quot;_ha_eqh_enable&quot;:false}\">\n\t\t\t\t<div class=\"elementor-element elementor-element-b1244fb elementor-fixed elementor-widget elementor-widget-image\" data-id=\"b1244fb\" data-element_type=\"widget\" data-e-type=\"widget\" data-settings=\"{&quot;_position&quot;:&quot;fixed&quot;}\" data-widget_type=\"image.default\">\n\t\t\t\t<div class=\"elementor-widget-container\">\n\t\t\t\t\t\t\t\t\t\t\t\t\t\t\t\t<a href=\"https:\/\/laresidenciatarifa.com\/fr\/rse\/\">\n\t\t\t\t\t\t\t<img decoding=\"async\" width=\"120\" height=\"120\" src=\"https:\/\/laresidenciatarifa.com\/wp-content\/uploads\/2025\/01\/eco-hotel-la-residencia-1-1.png\" class=\"attachment-large size-large wp-image-18320\" alt=\"\" \/>\t\t\t\t\t\t\t\t<\/a>\n\t\t\t\t\t\t\t\t\t\t\t\t\t\t\t<\/div>\n\t\t\t\t<\/div>\n\t\t\t\t<\/div>\n\t\t\t\t<\/div>\n\t\t","protected":false},"excerpt":{"rendered":"<p>Visite virtuelle: d\u00e9couvrez l&rsquo;h\u00f4tel et le spa de l&rsquo;int\u00e9rieur D\u00e9couvrez avec ces vues \u00e0 360\u00ba l&rsquo;int\u00e9rieur de votre h\u00f4tel \u00e0 Tarifa, les installations du spa, les chambres avec vue sur la mer&#8230; Nous savons que la premi\u00e8re impression est d\u00e9terminante. C&rsquo;est pourquoi, \u00e0 La Residencia Puerto, nous sommes ravis de partager nos visites virtuelles \u00e0 [&hellip;]<\/p>\n","protected":false},"author":1,"featured_media":0,"parent":0,"menu_order":0,"comment_status":"closed","ping_status":"closed","template":"elementor_header_footer","meta":{"_acf_changed":false,"footnotes":""},"class_list":["post-15515","page","type-page","status-publish","hentry"],"acf":[],"yoast_head":"<!-- This site is optimized with the Yoast SEO plugin v27.4 - https:\/\/yoast.com\/product\/yoast-seo-wordpress\/ -->\n<title>Visite virtuelle \u00e0 360\u00b0 de l&#039;h\u00f4tel et du spa - La Residencia Tarifa<\/title>\n<meta name=\"robots\" content=\"index, follow, max-snippet:-1, max-image-preview:large, max-video-preview:-1\" \/>\n<link rel=\"canonical\" href=\"https:\/\/laresidenciatarifa.com\/fr\/visite-virtuelle-hotel-spa\/\" \/>\n<meta property=\"og:locale\" content=\"fr_FR\" \/>\n<meta property=\"og:type\" content=\"article\" \/>\n<meta property=\"og:title\" content=\"Visite virtuelle \u00e0 360\u00b0 de l&#039;h\u00f4tel et du spa - La Residencia Tarifa\" \/>\n<meta property=\"og:description\" content=\"Visite virtuelle: d\u00e9couvrez l&rsquo;h\u00f4tel et le spa de l&rsquo;int\u00e9rieur D\u00e9couvrez avec ces vues \u00e0 360\u00ba l&rsquo;int\u00e9rieur de votre h\u00f4tel \u00e0 Tarifa, les installations du spa, les chambres avec vue sur la mer&#8230; Nous savons que la premi\u00e8re impression est d\u00e9terminante. C&rsquo;est pourquoi, \u00e0 La Residencia Puerto, nous sommes ravis de partager nos visites virtuelles \u00e0 [&hellip;]\" \/>\n<meta property=\"og:url\" content=\"https:\/\/laresidenciatarifa.com\/fr\/visite-virtuelle-hotel-spa\/\" \/>\n<meta property=\"og:site_name\" content=\"La Residencia Tarifa\" \/>\n<meta property=\"article:modified_time\" content=\"2025-06-30T06:57:14+00:00\" \/>\n<meta property=\"og:image\" content=\"https:\/\/laresidenciahotelspa.backhotelite.com\/roi-widgets\/static\/img\/loading_widget.gif\" \/>\n<meta name=\"twitter:card\" content=\"summary_large_image\" \/>\n<meta name=\"twitter:label1\" content=\"Dur\u00e9e de lecture estim\u00e9e\" \/>\n\t<meta name=\"twitter:data1\" content=\"2 minutes\" \/>\n<script type=\"application\/ld+json\" class=\"yoast-schema-graph\">{\"@context\":\"https:\\\/\\\/schema.org\",\"@graph\":[{\"@type\":\"WebPage\",\"@id\":\"https:\\\/\\\/laresidenciatarifa.com\\\/fr\\\/visite-virtuelle-hotel-spa\\\/\",\"url\":\"https:\\\/\\\/laresidenciatarifa.com\\\/fr\\\/visite-virtuelle-hotel-spa\\\/\",\"name\":\"Visite virtuelle \u00e0 360\u00b0 de l'h\u00f4tel et du spa - La Residencia Tarifa\",\"isPartOf\":{\"@id\":\"https:\\\/\\\/laresidenciatarifa.com\\\/fr\\\/#website\"},\"primaryImageOfPage\":{\"@id\":\"https:\\\/\\\/laresidenciatarifa.com\\\/fr\\\/visite-virtuelle-hotel-spa\\\/#primaryimage\"},\"image\":{\"@id\":\"https:\\\/\\\/laresidenciatarifa.com\\\/fr\\\/visite-virtuelle-hotel-spa\\\/#primaryimage\"},\"thumbnailUrl\":\"https:\\\/\\\/laresidenciahotelspa.backhotelite.com\\\/roi-widgets\\\/static\\\/img\\\/loading_widget.gif\",\"datePublished\":\"2024-04-26T08:25:04+00:00\",\"dateModified\":\"2025-06-30T06:57:14+00:00\",\"breadcrumb\":{\"@id\":\"https:\\\/\\\/laresidenciatarifa.com\\\/fr\\\/visite-virtuelle-hotel-spa\\\/#breadcrumb\"},\"inLanguage\":\"fr-FR\",\"potentialAction\":[{\"@type\":\"ReadAction\",\"target\":[\"https:\\\/\\\/laresidenciatarifa.com\\\/fr\\\/visite-virtuelle-hotel-spa\\\/\"]}]},{\"@type\":\"ImageObject\",\"inLanguage\":\"fr-FR\",\"@id\":\"https:\\\/\\\/laresidenciatarifa.com\\\/fr\\\/visite-virtuelle-hotel-spa\\\/#primaryimage\",\"url\":\"https:\\\/\\\/laresidenciahotelspa.backhotelite.com\\\/roi-widgets\\\/static\\\/img\\\/loading_widget.gif\",\"contentUrl\":\"https:\\\/\\\/laresidenciahotelspa.backhotelite.com\\\/roi-widgets\\\/static\\\/img\\\/loading_widget.gif\"},{\"@type\":\"BreadcrumbList\",\"@id\":\"https:\\\/\\\/laresidenciatarifa.com\\\/fr\\\/visite-virtuelle-hotel-spa\\\/#breadcrumb\",\"itemListElement\":[{\"@type\":\"ListItem\",\"position\":1,\"name\":\"Portada\",\"item\":\"https:\\\/\\\/laresidenciatarifa.com\\\/fr\\\/\"},{\"@type\":\"ListItem\",\"position\":2,\"name\":\"Visite virtuelle \u00e0 360\u00b0 de l&rsquo;h\u00f4tel et du spa\"}]},{\"@type\":\"WebSite\",\"@id\":\"https:\\\/\\\/laresidenciatarifa.com\\\/fr\\\/#website\",\"url\":\"https:\\\/\\\/laresidenciatarifa.com\\\/fr\\\/\",\"name\":\"La Residencia Tarifa\",\"description\":\"Hotel, apartamentos, spa y restaurante\",\"publisher\":{\"@id\":\"https:\\\/\\\/laresidenciatarifa.com\\\/fr\\\/#organization\"},\"potentialAction\":[{\"@type\":\"SearchAction\",\"target\":{\"@type\":\"EntryPoint\",\"urlTemplate\":\"https:\\\/\\\/laresidenciatarifa.com\\\/fr\\\/?s={search_term_string}\"},\"query-input\":{\"@type\":\"PropertyValueSpecification\",\"valueRequired\":true,\"valueName\":\"search_term_string\"}}],\"inLanguage\":\"fr-FR\"},{\"@type\":\"Organization\",\"@id\":\"https:\\\/\\\/laresidenciatarifa.com\\\/fr\\\/#organization\",\"name\":\"La Residencia Tarifa\",\"url\":\"https:\\\/\\\/laresidenciatarifa.com\\\/fr\\\/\",\"logo\":{\"@type\":\"ImageObject\",\"inLanguage\":\"fr-FR\",\"@id\":\"https:\\\/\\\/laresidenciatarifa.com\\\/fr\\\/#\\\/schema\\\/logo\\\/image\\\/\",\"url\":\"https:\\\/\\\/laresidenciatarifa.com\\\/wp-content\\\/uploads\\\/2022\\\/12\\\/logoLaResidencia.png\",\"contentUrl\":\"https:\\\/\\\/laresidenciatarifa.com\\\/wp-content\\\/uploads\\\/2022\\\/12\\\/logoLaResidencia.png\",\"width\":113,\"height\":75,\"caption\":\"La Residencia Tarifa\"},\"image\":{\"@id\":\"https:\\\/\\\/laresidenciatarifa.com\\\/fr\\\/#\\\/schema\\\/logo\\\/image\\\/\"}}]}<\/script>\n<!-- \/ Yoast SEO plugin. -->","yoast_head_json":{"title":"Visite virtuelle \u00e0 360\u00b0 de l'h\u00f4tel et du spa - La Residencia Tarifa","robots":{"index":"index","follow":"follow","max-snippet":"max-snippet:-1","max-image-preview":"max-image-preview:large","max-video-preview":"max-video-preview:-1"},"canonical":"https:\/\/laresidenciatarifa.com\/fr\/visite-virtuelle-hotel-spa\/","og_locale":"fr_FR","og_type":"article","og_title":"Visite virtuelle \u00e0 360\u00b0 de l'h\u00f4tel et du spa - La Residencia Tarifa","og_description":"Visite virtuelle: d\u00e9couvrez l&rsquo;h\u00f4tel et le spa de l&rsquo;int\u00e9rieur D\u00e9couvrez avec ces vues \u00e0 360\u00ba l&rsquo;int\u00e9rieur de votre h\u00f4tel \u00e0 Tarifa, les installations du spa, les chambres avec vue sur la mer&#8230; Nous savons que la premi\u00e8re impression est d\u00e9terminante. C&rsquo;est pourquoi, \u00e0 La Residencia Puerto, nous sommes ravis de partager nos visites virtuelles \u00e0 [&hellip;]","og_url":"https:\/\/laresidenciatarifa.com\/fr\/visite-virtuelle-hotel-spa\/","og_site_name":"La Residencia Tarifa","article_modified_time":"2025-06-30T06:57:14+00:00","og_image":[{"url":"https:\/\/laresidenciahotelspa.backhotelite.com\/roi-widgets\/static\/img\/loading_widget.gif","type":"","width":"","height":""}],"twitter_card":"summary_large_image","twitter_misc":{"Dur\u00e9e de lecture estim\u00e9e":"2 minutes"},"schema":{"@context":"https:\/\/schema.org","@graph":[{"@type":"WebPage","@id":"https:\/\/laresidenciatarifa.com\/fr\/visite-virtuelle-hotel-spa\/","url":"https:\/\/laresidenciatarifa.com\/fr\/visite-virtuelle-hotel-spa\/","name":"Visite virtuelle \u00e0 360\u00b0 de l'h\u00f4tel et du spa - La Residencia Tarifa","isPartOf":{"@id":"https:\/\/laresidenciatarifa.com\/fr\/#website"},"primaryImageOfPage":{"@id":"https:\/\/laresidenciatarifa.com\/fr\/visite-virtuelle-hotel-spa\/#primaryimage"},"image":{"@id":"https:\/\/laresidenciatarifa.com\/fr\/visite-virtuelle-hotel-spa\/#primaryimage"},"thumbnailUrl":"https:\/\/laresidenciahotelspa.backhotelite.com\/roi-widgets\/static\/img\/loading_widget.gif","datePublished":"2024-04-26T08:25:04+00:00","dateModified":"2025-06-30T06:57:14+00:00","breadcrumb":{"@id":"https:\/\/laresidenciatarifa.com\/fr\/visite-virtuelle-hotel-spa\/#breadcrumb"},"inLanguage":"fr-FR","potentialAction":[{"@type":"ReadAction","target":["https:\/\/laresidenciatarifa.com\/fr\/visite-virtuelle-hotel-spa\/"]}]},{"@type":"ImageObject","inLanguage":"fr-FR","@id":"https:\/\/laresidenciatarifa.com\/fr\/visite-virtuelle-hotel-spa\/#primaryimage","url":"https:\/\/laresidenciahotelspa.backhotelite.com\/roi-widgets\/static\/img\/loading_widget.gif","contentUrl":"https:\/\/laresidenciahotelspa.backhotelite.com\/roi-widgets\/static\/img\/loading_widget.gif"},{"@type":"BreadcrumbList","@id":"https:\/\/laresidenciatarifa.com\/fr\/visite-virtuelle-hotel-spa\/#breadcrumb","itemListElement":[{"@type":"ListItem","position":1,"name":"Portada","item":"https:\/\/laresidenciatarifa.com\/fr\/"},{"@type":"ListItem","position":2,"name":"Visite virtuelle \u00e0 360\u00b0 de l&rsquo;h\u00f4tel et du spa"}]},{"@type":"WebSite","@id":"https:\/\/laresidenciatarifa.com\/fr\/#website","url":"https:\/\/laresidenciatarifa.com\/fr\/","name":"La Residencia Tarifa","description":"Hotel, apartamentos, spa y restaurante","publisher":{"@id":"https:\/\/laresidenciatarifa.com\/fr\/#organization"},"potentialAction":[{"@type":"SearchAction","target":{"@type":"EntryPoint","urlTemplate":"https:\/\/laresidenciatarifa.com\/fr\/?s={search_term_string}"},"query-input":{"@type":"PropertyValueSpecification","valueRequired":true,"valueName":"search_term_string"}}],"inLanguage":"fr-FR"},{"@type":"Organization","@id":"https:\/\/laresidenciatarifa.com\/fr\/#organization","name":"La Residencia Tarifa","url":"https:\/\/laresidenciatarifa.com\/fr\/","logo":{"@type":"ImageObject","inLanguage":"fr-FR","@id":"https:\/\/laresidenciatarifa.com\/fr\/#\/schema\/logo\/image\/","url":"https:\/\/laresidenciatarifa.com\/wp-content\/uploads\/2022\/12\/logoLaResidencia.png","contentUrl":"https:\/\/laresidenciatarifa.com\/wp-content\/uploads\/2022\/12\/logoLaResidencia.png","width":113,"height":75,"caption":"La Residencia Tarifa"},"image":{"@id":"https:\/\/laresidenciatarifa.com\/fr\/#\/schema\/logo\/image\/"}}]}},"_links":{"self":[{"href":"https:\/\/laresidenciatarifa.com\/fr\/wp-json\/wp\/v2\/pages\/15515","targetHints":{"allow":["GET"]}}],"collection":[{"href":"https:\/\/laresidenciatarifa.com\/fr\/wp-json\/wp\/v2\/pages"}],"about":[{"href":"https:\/\/laresidenciatarifa.com\/fr\/wp-json\/wp\/v2\/types\/page"}],"author":[{"embeddable":true,"href":"https:\/\/laresidenciatarifa.com\/fr\/wp-json\/wp\/v2\/users\/1"}],"replies":[{"embeddable":true,"href":"https:\/\/laresidenciatarifa.com\/fr\/wp-json\/wp\/v2\/comments?post=15515"}],"version-history":[{"count":11,"href":"https:\/\/laresidenciatarifa.com\/fr\/wp-json\/wp\/v2\/pages\/15515\/revisions"}],"predecessor-version":[{"id":19948,"href":"https:\/\/laresidenciatarifa.com\/fr\/wp-json\/wp\/v2\/pages\/15515\/revisions\/19948"}],"wp:attachment":[{"href":"https:\/\/laresidenciatarifa.com\/fr\/wp-json\/wp\/v2\/media?parent=15515"}],"curies":[{"name":"wp","href":"https:\/\/api.w.org\/{rel}","templated":true}]}}