{"id":4890,"date":"2022-12-21T19:28:01","date_gmt":"2022-12-21T18:28:01","guid":{"rendered":"https:\/\/laresidenciatarifa.com\/politica-de-privacidad-apartamentos\/"},"modified":"2023-04-19T10:58:18","modified_gmt":"2023-04-19T08:58:18","slug":"datenschutzrichtlinie","status":"publish","type":"page","link":"https:\/\/laresidenciatarifa.com\/de\/datenschutzrichtlinie\/","title":{"rendered":"Datenschutzrichtlinie"},"content":{"rendered":"\t\t<div data-elementor-type=\"wp-page\" data-elementor-id=\"4890\" class=\"elementor elementor-4890 elementor-4000\" data-elementor-settings=\"{&quot;ha_cmc_init_switcher&quot;:&quot;no&quot;}\" data-elementor-post-type=\"page\">\n\t\t\t\t\t\t<section class=\"elementor-section elementor-top-section elementor-element elementor-element-21a9cb0 elementor-section-boxed elementor-section-height-default elementor-section-height-default\" data-id=\"21a9cb0\" data-element_type=\"section\" data-e-type=\"section\" data-settings=\"{&quot;_ha_eqh_enable&quot;:false}\">\n\t\t\t\t\t\t<div class=\"elementor-container elementor-column-gap-default\">\n\t\t\t\t\t<div class=\"elementor-column elementor-col-100 elementor-top-column elementor-element elementor-element-7731570\" data-id=\"7731570\" data-element_type=\"column\" data-e-type=\"column\">\n\t\t\t<div class=\"elementor-widget-wrap elementor-element-populated\">\n\t\t\t\t\t\t<div class=\"elementor-element elementor-element-948f8af elementor-widget elementor-widget-heading\" data-id=\"948f8af\" data-element_type=\"widget\" data-e-type=\"widget\" data-widget_type=\"heading.default\">\n\t\t\t\t<div class=\"elementor-widget-container\">\n\t\t\t\t\t<h3 class=\"elementor-heading-title elementor-size-default\">Datenschutzrichtlinie<\/h3>\t\t\t\t<\/div>\n\t\t\t\t<\/div>\n\t\t\t\t<div class=\"elementor-element elementor-element-07914fd elementor-widget elementor-widget-text-editor\" data-id=\"07914fd\" data-element_type=\"widget\" data-e-type=\"widget\" data-widget_type=\"text-editor.default\">\n\t\t\t\t<div class=\"elementor-widget-container\">\n\t\t\t\t\t\t\t\t\t<p>Dieser Rechtstext gibt Auskunft dar\u00fcber, wie wir Ihre personenbezogenen Daten durch die Nutzung unserer Website http:\/\/www.laresidenciatarifa.es erheben und verarbeiten, einschlie\u00dflich aller Informationen, die Sie uns \u00fcber die Website zur Verf\u00fcgung stellen, wenn Sie eine Dienstleistung erwerben oder Ihre Kontaktdaten \u00fcber das Kontaktformular angeben.<\/p><p>Wenn Sie uns Ihre Daten zur Verf\u00fcgung stellen, informieren wir Sie dar\u00fcber, dass unsere Dienstleistungen f\u00fcr Personen, die nicht in der Lage sind, ihre Zustimmung zu erteilen, nicht m\u00f6glich sind. Wenn Sie uns also die Formulare zusenden, garantieren Sie, dass Sie ausreichend in der Lage sind, Ihre Zustimmung zu geben.<\/p><p>Nachfolgend informieren wir Sie \u00fcber die Datenschutzpolitik von:\u00a0<strong>Ansa Energy, S.L<\/strong><\/p><ol><li><h3 class=\"fusion-responsive-typography-calculated\" data-fontsize=\"28\" data-lineheight=\"36.96px\"><span style=\"color: #3a88b8;\"><strong>Verantwortlich f\u00fcr die Behandlung.<\/strong><\/span><\/h3><\/li><\/ol><p>Kontaktdaten der verantwortlichen Person:\u00a0<strong>Ansa Energy, S.L,\u00a0<\/strong>mit CIF: B92988526 und Adresse unter: Paseo Bolivia de (Urb. Las Cumbres), 11, Parcela 238, 29604 Marbella M\u00e1laga und Telefon: 951088929. E-Mail: laresidenciatarifa@gmail.com<\/p><p>Eingetragen im Handelsregister von M\u00e1laga am 13. M\u00e4rz 2009, Band 4622, Buch 3530, Folio 65, Sektion 8, erste Eintragung, MA-100694<\/p><p><strong>Ansa Energy, S.L<\/strong>, ist f\u00fcr Ihre Daten verantwortlich. (Nachfolgend wir, uns oder unser).<\/p><ol start=\"2\"><li><h3 class=\"fusion-responsive-typography-calculated\" data-fontsize=\"28\" data-lineheight=\"36.96px\"><span style=\"color: #3a88b8;\"><strong>Welche Daten sammeln wir?<\/strong><\/span><\/h3><\/li><\/ol><p>Die Datenschutz-Grundverordnung definiert\u00a0<strong>personenbezogene Daten<\/strong>\u00a0als alle Informationen \u00fcber eine identifizierte oder identifizierbare nat\u00fcrliche Person, d.h. alle Informationen, die zur Identifizierung einer Person geeignet sind. Dies w\u00fcrde weder anonyme Daten noch prozentuale Daten beinhalten.<\/p><p>Die pers\u00f6nlichen Daten, die direkt vom Interessenten erhoben werden k\u00f6nnen, werden vertraulich behandelt und in die entsprechenden Verarbeitungsaktivit\u00e4ten einbezogen, die\u00a0<strong>Ansa Energy, S.L.<\/strong>\u00a0geh\u00f6ren\u00a0<strong>.<\/strong><\/p><p>Auf unserer Website k\u00f6nnen wir bestimmte Arten von personenbezogenen Daten verarbeiten, zu denen auch geh\u00f6ren k\u00f6nnen:<\/p><ul><li>Angaben zur Identit\u00e4t: Vor- und Nachname.<\/li><li>Kontaktdaten: E-Mail und Telefon<\/li><li>Wirtschaftsdaten: Bankverbindung.<\/li><\/ul><p>Wir erheben keine Daten, die sich auf besondere Kategorien personenbezogener Daten beziehen (Daten, aus denen sich die Rasse oder ethnische Herkunft, politische Meinungen, religi\u00f6se oder philosophische \u00dcberzeugungen, die Mitgliedschaft in einer Gewerkschaft und Informationen \u00fcber Ihre Gesundheit, genetische oder biometrische Daten hervorgehen).<\/p><p>F\u00fcr den Fall, dass Sie gesetzlich oder im Rahmen eines Vertrages zwischen uns zur Erhebung personenbezogener Daten verpflichtet sind und Sie sich weigern, uns diese Daten zur Verf\u00fcgung zu stellen, k\u00f6nnen wir den Vertrag m\u00f6glicherweise nicht abschlie\u00dfen oder die Dienstleistung nicht erbringen und Sie m\u00fcssen uns im Voraus dar\u00fcber informieren.<\/p><ol start=\"3\"><li><h3 class=\"fusion-responsive-typography-calculated\" data-fontsize=\"28\" data-lineheight=\"36.96px\"><span style=\"color: #3a88b8;\"><strong>Wie sammeln wir Ihre pers\u00f6nlichen Informationen?<\/strong><\/span><\/h3><\/li><\/ol><p>Die Mittel, die wir zur Erhebung personenbezogener Daten verwenden, sind:<\/p><ul><li><strong>\u00dcber das Formular auf unserer Website, \u00fcber unsere Kontakt-E-Mail, per Telefon oder Post, wenn:<\/strong><ul><li>Informationen \u00fcber unsere Dienstleistungen anfordern<\/li><li>Vertrag \u00fcber die Erbringung unserer Dienstleistungen<\/li><li>Senden von Kommentaren<\/li><\/ul><\/li><\/ul><p>Um die Qualit\u00e4t unserer Website zu gew\u00e4hrleisten, behalten wir uns das Recht vor,\u00a0<strong>jeden Antrag auf Registrierung abzulehnen<\/strong>\u00a0oder eine bereits akzeptierte Registrierung auszusetzen oder zu stornieren, wenn wir der Meinung sind, dass sie nicht mit diesen Anforderungen oder anderen Gesetzen oder Vorschriften \u00fcbereinstimmt. Sollte dies der Fall sein, werden wir versuchen, die Gr\u00fcnde f\u00fcr unsere Entscheidung zu erl\u00e4utern, k\u00f6nnen dies aber nicht in allen F\u00e4llen zusagen.<\/p><ul><li>Durch<strong>Technologie oder automatisierte Interaktionen<\/strong>: Auf unserer Website k\u00f6nnen wir automatisch technische Daten \u00fcber Ihren Computer, Browsing-Aktionen und Nutzungsmuster sammeln. Diese Daten werden durch Cookies oder \u00e4hnliche Technologien gesammelt. Weitere Informationen finden Sie in unserer Cookie-Richtlinie hier (Link).<\/li><li><strong>Durch Dritte:<\/strong><ul><li><strong>Google:\u00a0<\/strong>analytische Daten oder Suchdaten. Au\u00dferhalb der Europ\u00e4ischen Union.<\/li><\/ul><\/li><\/ul><ol start=\"4\"><li><h3 class=\"fusion-responsive-typography-calculated\" data-fontsize=\"28\" data-lineheight=\"36.96px\"><span style=\"color: #3a88b8;\"><strong>Zweck und Legitimation f\u00fcr die Verwendung Ihrer Daten.<\/strong><\/span><\/h3><\/li><\/ol><p>Die h\u00e4ufigsten Verwendungen Ihrer pers\u00f6nlichen Daten sind:<\/p><ul><li>F\u00fcr den Abschluss des Vertrags zwischen\u00a0<strong>Ansa Energy, S.L.<\/strong>\u00a0und Ihnen.<\/li><li>Wenn Sie Ihre Zustimmung zur Verarbeitung Ihrer Daten geben<\/li><li>Wenn wir Daten ben\u00f6tigen, um einer gesetzlichen oder beh\u00f6rdlichen Verpflichtung nachzukommen.<\/li><li>Wenn es f\u00fcr unser berechtigtes Interesse oder das eines Dritten erforderlich ist.<\/li><\/ul><p>Der Nutzer kann die erteilte Einwilligung jederzeit widerrufen, indem er eine E-Mail an laresidenciatarifa@gmail.com schickt oder den Abschnitt \u00fcber die Aus\u00fcbung der Rechte unten konsultiert.<\/p><p>Nachfolgend finden Sie eine Tabelle, aus der Sie ersehen k\u00f6nnen, auf welche Weise wir Ihre personenbezogenen Daten nutzen und welche Legitimation f\u00fcr die Nutzung vorliegt, sowie welche Art von personenbezogenen Daten wir verarbeiten.<\/p><table width=\"567\"><tbody><tr><td width=\"236\"><strong>Zweck<\/strong><\/td><td width=\"198\"><strong>Datentyp<\/strong><\/td><td width=\"132\"><strong>Legitimit\u00e4t f\u00fcr Ihre Behandlung<\/strong><\/td><\/tr><tr><td width=\"236\">So fordern Sie Informationen \u00fcber das Kontaktformular an<\/td><td width=\"198\"><p>&#8211; Nachname<\/p><p>&#8211; E-Mail<\/p><\/td><td width=\"132\">Einverst\u00e4ndnis der betroffenen Person<\/td><\/tr><tr><td width=\"236\">Um eine Reservierung vorzunehmen<\/td><td width=\"198\"><p>&#8211; Nachname<\/p><p>&#8211; E-Mail<\/p><p>&#8211; Telefon<\/p><p>&#8211; Bankverbindung<\/p><\/td><td width=\"132\">Einverst\u00e4ndnis der betroffenen Person<\/td><\/tr><\/tbody><\/table><p><strong>Zweck<\/strong>: Wir werden Ihre Daten nur f\u00fcr die Zwecke verwenden, f\u00fcr die wir sie erfassen, es sei denn, wir sind der Meinung, dass wir sie f\u00fcr einen anderen Zweck verwenden sollten, wobei wir Sie im Voraus dar\u00fcber informieren.<\/p><ol start=\"5\"><li><h3 class=\"fusion-responsive-typography-calculated\" data-fontsize=\"28\" data-lineheight=\"36.96px\"><span style=\"color: #3a88b8;\"><strong>Wie lange werden wir Ihre Daten aufbewahren?<\/strong><\/span><\/h3><\/li><\/ol><p>Sie werden so lange aufbewahrt, wie es notwendig ist, um den Zweck zu erf\u00fcllen, f\u00fcr den sie erhoben wurden, und um die m\u00f6glichen Verantwortlichkeiten zu bestimmen, die sich aus diesem Zweck und der Verarbeitung der Daten ergeben k\u00f6nnen. Es gelten die Bestimmungen der verschiedenen Vorschriften \u00fcber die Aufbewahrungsfrist, soweit sie auf diese Behandlung anwendbar sind.<\/p><p><strong>Teilnehmerdaten per E-Mail oder Formular<\/strong>: Ab dem Zeitpunkt, an dem sich der Benutzer anmeldet, bis zur Abmeldung durch den Benutzer.<\/p><ol start=\"6\"><li><h3 class=\"fusion-responsive-typography-calculated\" data-fontsize=\"28\" data-lineheight=\"36.96px\"><span style=\"color: #3a88b8;\"><strong>Aus\u00fcbung der Datenschutzrechte:<\/strong><\/span><\/h3><\/li><\/ol><p><strong>Wie kann man diese Rechte aus\u00fcben?<\/strong>\u00a0Der Benutzer kann eine Mitteilung an den Sitz von\u00a0<strong>Ansa Energy, S.L.<\/strong>\u00a0oder an die E-Mail-Adresse laresidenciatarifa@gmail.com senden, in beiden F\u00e4llen unter Beif\u00fcgung einer Fotokopie seines Personalausweises oder eines anderen \u00e4hnlichen Ausweises, um die Aus\u00fcbung der folgenden Rechte zu beantragen:<\/p><ul><li><strong><u>Zugriff auf<\/u><\/strong>\u00a0zu Ihren pers\u00f6nlichen Daten: Sie k\u00f6nnen\u00a0<strong>Ansa Energy, S.L.<\/strong>\u00a0fragen, ob das Unternehmen Ihre pers\u00f6nlichen Daten verwendet.<\/li><li><strong><u>Zum \u00c4ndern der Daten, wenn<\/u><\/strong>\u00a0sie nicht korrekt waren oder falls die Daten vergessen wurden, die die Daten betreffen.<\/li><li>Zum Anfordern der\u00a0<strong><u>Einschr\u00e4nkung der Verarbeitung\u00a0<\/u><\/strong>In diesem Fall werden sie von\u00a0<strong>Ansa Energy, S.L.<\/strong>\u00a0nur f\u00fcr die Aus\u00fcbung oder Verteidigung von Anspr\u00fcchen aufbewahrt.<\/li><li><strong>Grund:<\/strong>\u00a0\u00a0<strong>Ansa Energy, S.L.<\/strong>\u00a0wird die Verarbeitung der Daten auf die von Ihnen angegebene Weise einstellen, es sei denn, dass diese aus legitimen Gr\u00fcnden oder zur Aus\u00fcbung oder Verteidigung eventueller Anspr\u00fcche weiterhin ben\u00f6tigt werden m\u00fcssen.<\/li><li><strong><u>\u00dcbertrag<\/u><\/strong>der Daten: f\u00fcr den Fall, dass Sie w\u00fcnschen, dass Ihre Daten von einer anderen Firma genutzt werden, wird\u00a0<strong>Ansa Energy, S.L<\/strong>, den \u00dcbertrag Ihrer Daten an den neuen Datenverantwortlichen veranlassen.<\/li><\/ul><p>Sie k\u00f6nnen die von der spanischen Datenschutzbeh\u00f6rde zur Verf\u00fcgung gestellten Formulare verwenden, um Ihre Rechte auszu\u00fcben:<\/p><p>Klage vor der AEPD: Wenn Sie der Meinung sind, dass es ein Problem mit der Art und Weise gibt, wie\u00a0<strong>Ansa Energy, S.L.<\/strong>\u00a0Ihre Daten behandelt, k\u00f6nnen Sie Ihre Anspr\u00fcche an die entsprechende Kontrollbeh\u00f6rde richten, die in Spanien daf\u00fcr zust\u00e4ndig ist:\u00a0<a href=\"https:\/\/sedeagpd.gob.es\/sede-electronica-web\/vistas\/formNuevaReclamacion\/solicitudReclamacion.jsf;jsessionid=5085E2038B4210818633610065963C3E\">Spanische Datenschutzbeh\u00f6rde.<\/a><\/p><p>Wir werden Sie um bestimmte Informationen bitten, die uns dabei helfen, Ihre Identit\u00e4t zu best\u00e4tigen und Ihr Recht auf Zugang zu Ihren personenbezogenen Daten (oder die Aus\u00fcbung eines der anderen oben genannten Rechte) zu gew\u00e4hrleisten. Dies ist eine Sicherheitsma\u00dfnahme, um sicherzustellen, dass personenbezogene Daten nicht an Personen weitergegeben werden, die nicht berechtigt sind, sie zu erhalten.<\/p><p>Alle Anfragen werden innerhalb der gesetzlichen Frist von einem Monat bearbeitet. Es kann jedoch l\u00e4nger als einen Monat dauern, wenn Ihre Anfrage besonders komplex ist. In diesem Fall werden wir Sie benachrichtigen und Sie auf dem Laufenden halten.<\/p><ol start=\"7\"><li><h3 class=\"fusion-responsive-typography-calculated\" data-fontsize=\"28\" data-lineheight=\"36.96px\"><span style=\"color: #3a88b8;\"><strong>Weitergabe von personenbezogenen Daten<\/strong><\/span><\/h3><\/li><\/ol><p>Es ist m\u00f6glich, dass wir bei der Ausf\u00fchrung unserer Arbeit die Hilfe von Dritten ben\u00f6tigen, die die Daten nur zur Erbringung der beauftragten Dienstleistung verarbeiten und bei denen wir die entsprechenden Ma\u00dfnahmen zur Gew\u00e4hrleistung Ihrer Rechte haben:<\/p><ul><li>Dienstleister, die Informationstechnologie- und Systemmanagementdienste anbieten.<\/li><li>Professionelle Berater wie Anw\u00e4lte, Wirtschaftspr\u00fcfer und Versicherer, die Bank-, Rechts-, Versicherungs-, Buchhaltungs- und Rechtsberatungsdienste anbieten<\/li><\/ul><p>Alle Auftragsverarbeiter, an die wir Ihre Daten weitergeben, respektieren die Sicherheit Ihrer personenbezogenen Daten und behandeln sie in \u00dcbereinstimmung mit der GDPR.<\/p><p>Wir gestatten diesen Verantwortlichen die Verarbeitung Ihrer Daten nur f\u00fcr bestimmte Zwecke und nach unseren Weisungen. Allerdings k\u00f6nnen Sie uns darum bitten, Sie in Kenntnis der Unternehmen zu setzten. k\u00f6nnen Sie dies per E-Mail: laresidenciatarifa@gmail.com<\/p><ol start=\"8\"><li><h3 class=\"fusion-responsive-typography-calculated\" data-fontsize=\"28\" data-lineheight=\"36.96px\"><span style=\"color: #3a88b8;\"><strong>Datensicherheit<\/strong><\/span><\/h3><\/li><\/ol><p>Wir haben angemessene Sicherheitsvorkehrungen getroffen, um zu verhindern, dass Ihre pers\u00f6nlichen Daten versehentlich verloren gehen, verwendet oder auf unbefugte Art und Weise abgerufen, ver\u00e4ndert oder offengelegt werden. Dar\u00fcber hinaus beschr\u00e4nken wir den Zugriff auf Ihre personenbezogenen Daten auf diejenigen Mitarbeiter, Auftragnehmer und andere Dritte, die diese Daten aus gesch\u00e4ftlichen Gr\u00fcnden kennen m\u00fcssen. Sie werden Ihre personenbezogenen Daten nur nach unseren Weisungen verarbeiten und unterliegen der Schweigepflicht.<\/p><p>Wir haben Verfahren implementiert, um mit jeder vermuteten Verletzung Ihrer pers\u00f6nlichen Daten umzugehen und werden Sie und die Aufsichtsbeh\u00f6rde im Falle einer Sicherheitsverletzung gem\u00e4\u00df den Artikeln 33 und 34 der DSGVO benachrichtigen.<\/p>\t\t\t\t\t\t\t\t<\/div>\n\t\t\t\t<\/div>\n\t\t\t\t\t<\/div>\n\t\t<\/div>\n\t\t\t\t\t<\/div>\n\t\t<\/section>\n\t\t\t\t<\/div>\n\t\t","protected":false},"excerpt":{"rendered":"<p>Datenschutzrichtlinie Dieser Rechtstext gibt Auskunft dar\u00fcber, wie wir Ihre personenbezogenen Daten durch die Nutzung unserer Website http:\/\/www.laresidenciatarifa.es erheben und verarbeiten, einschlie\u00dflich aller Informationen, die Sie uns \u00fcber die Website zur Verf\u00fcgung stellen, wenn Sie eine Dienstleistung erwerben oder Ihre Kontaktdaten \u00fcber das Kontaktformular angeben. Wenn Sie uns Ihre Daten zur Verf\u00fcgung stellen, informieren wir Sie [&hellip;]<\/p>\n","protected":false},"author":1,"featured_media":0,"parent":0,"menu_order":0,"comment_status":"closed","ping_status":"closed","template":"elementor_header_footer","meta":{"_acf_changed":false,"footnotes":""},"class_list":["post-4890","page","type-page","status-publish","hentry"],"acf":[],"yoast_head":"<!-- This site is optimized with the Yoast SEO plugin v27.2 - https:\/\/yoast.com\/product\/yoast-seo-wordpress\/ -->\n<title>Datenschutzrichtlinie - La Residencia Tarifa<\/title>\n<meta name=\"robots\" content=\"index, follow, max-snippet:-1, max-image-preview:large, max-video-preview:-1\" \/>\n<link rel=\"canonical\" href=\"https:\/\/laresidenciatarifa.com\/de\/datenschutzrichtlinie\/\" \/>\n<meta property=\"og:locale\" content=\"de_DE\" \/>\n<meta property=\"og:type\" content=\"article\" \/>\n<meta property=\"og:title\" content=\"Datenschutzrichtlinie - La Residencia Tarifa\" \/>\n<meta property=\"og:description\" content=\"Datenschutzrichtlinie Dieser Rechtstext gibt Auskunft dar\u00fcber, wie wir Ihre personenbezogenen Daten durch die Nutzung unserer Website http:\/\/www.laresidenciatarifa.es erheben und verarbeiten, einschlie\u00dflich aller Informationen, die Sie uns \u00fcber die Website zur Verf\u00fcgung stellen, wenn Sie eine Dienstleistung erwerben oder Ihre Kontaktdaten \u00fcber das Kontaktformular angeben. Wenn Sie uns Ihre Daten zur Verf\u00fcgung stellen, informieren wir Sie [&hellip;]\" \/>\n<meta property=\"og:url\" content=\"https:\/\/laresidenciatarifa.com\/de\/datenschutzrichtlinie\/\" \/>\n<meta property=\"og:site_name\" content=\"La Residencia Tarifa\" \/>\n<meta property=\"article:modified_time\" content=\"2023-04-19T08:58:18+00:00\" \/>\n<meta name=\"twitter:card\" content=\"summary_large_image\" \/>\n<meta name=\"twitter:label1\" content=\"Gesch\u00e4tzte Lesezeit\" \/>\n\t<meta name=\"twitter:data1\" content=\"8\u00a0Minuten\" \/>\n<script type=\"application\/ld+json\" class=\"yoast-schema-graph\">{\"@context\":\"https:\/\/schema.org\",\"@graph\":[{\"@type\":\"WebPage\",\"@id\":\"https:\/\/laresidenciatarifa.com\/de\/datenschutzrichtlinie\/\",\"url\":\"https:\/\/laresidenciatarifa.com\/de\/datenschutzrichtlinie\/\",\"name\":\"Datenschutzrichtlinie - La Residencia Tarifa\",\"isPartOf\":{\"@id\":\"https:\/\/laresidenciatarifa.com\/de\/#website\"},\"datePublished\":\"2022-12-21T18:28:01+00:00\",\"dateModified\":\"2023-04-19T08:58:18+00:00\",\"breadcrumb\":{\"@id\":\"https:\/\/laresidenciatarifa.com\/de\/datenschutzrichtlinie\/#breadcrumb\"},\"inLanguage\":\"de\",\"potentialAction\":[{\"@type\":\"ReadAction\",\"target\":[\"https:\/\/laresidenciatarifa.com\/de\/datenschutzrichtlinie\/\"]}]},{\"@type\":\"BreadcrumbList\",\"@id\":\"https:\/\/laresidenciatarifa.com\/de\/datenschutzrichtlinie\/#breadcrumb\",\"itemListElement\":[{\"@type\":\"ListItem\",\"position\":1,\"name\":\"Portada\",\"item\":\"https:\/\/laresidenciatarifa.com\/de\/\"},{\"@type\":\"ListItem\",\"position\":2,\"name\":\"Datenschutzrichtlinie\"}]},{\"@type\":\"WebSite\",\"@id\":\"https:\/\/laresidenciatarifa.com\/de\/#website\",\"url\":\"https:\/\/laresidenciatarifa.com\/de\/\",\"name\":\"La Residencia Tarifa\",\"description\":\"Hotel, apartamentos, spa y restaurante\",\"publisher\":{\"@id\":\"https:\/\/laresidenciatarifa.com\/de\/#organization\"},\"potentialAction\":[{\"@type\":\"SearchAction\",\"target\":{\"@type\":\"EntryPoint\",\"urlTemplate\":\"https:\/\/laresidenciatarifa.com\/de\/?s={search_term_string}\"},\"query-input\":{\"@type\":\"PropertyValueSpecification\",\"valueRequired\":true,\"valueName\":\"search_term_string\"}}],\"inLanguage\":\"de\"},{\"@type\":\"Organization\",\"@id\":\"https:\/\/laresidenciatarifa.com\/de\/#organization\",\"name\":\"La Residencia Tarifa\",\"url\":\"https:\/\/laresidenciatarifa.com\/de\/\",\"logo\":{\"@type\":\"ImageObject\",\"inLanguage\":\"de\",\"@id\":\"https:\/\/laresidenciatarifa.com\/de\/#\/schema\/logo\/image\/\",\"url\":\"https:\/\/laresidenciatarifa.com\/wp-content\/uploads\/2022\/12\/logoLaResidencia.png\",\"contentUrl\":\"https:\/\/laresidenciatarifa.com\/wp-content\/uploads\/2022\/12\/logoLaResidencia.png\",\"width\":113,\"height\":75,\"caption\":\"La Residencia Tarifa\"},\"image\":{\"@id\":\"https:\/\/laresidenciatarifa.com\/de\/#\/schema\/logo\/image\/\"}}]}<\/script>\n<!-- \/ Yoast SEO plugin. -->","yoast_head_json":{"title":"Datenschutzrichtlinie - La Residencia Tarifa","robots":{"index":"index","follow":"follow","max-snippet":"max-snippet:-1","max-image-preview":"max-image-preview:large","max-video-preview":"max-video-preview:-1"},"canonical":"https:\/\/laresidenciatarifa.com\/de\/datenschutzrichtlinie\/","og_locale":"de_DE","og_type":"article","og_title":"Datenschutzrichtlinie - La Residencia Tarifa","og_description":"Datenschutzrichtlinie Dieser Rechtstext gibt Auskunft dar\u00fcber, wie wir Ihre personenbezogenen Daten durch die Nutzung unserer Website http:\/\/www.laresidenciatarifa.es erheben und verarbeiten, einschlie\u00dflich aller Informationen, die Sie uns \u00fcber die Website zur Verf\u00fcgung stellen, wenn Sie eine Dienstleistung erwerben oder Ihre Kontaktdaten \u00fcber das Kontaktformular angeben. Wenn Sie uns Ihre Daten zur Verf\u00fcgung stellen, informieren wir Sie [&hellip;]","og_url":"https:\/\/laresidenciatarifa.com\/de\/datenschutzrichtlinie\/","og_site_name":"La Residencia Tarifa","article_modified_time":"2023-04-19T08:58:18+00:00","twitter_card":"summary_large_image","twitter_misc":{"Gesch\u00e4tzte Lesezeit":"8\u00a0Minuten"},"schema":{"@context":"https:\/\/schema.org","@graph":[{"@type":"WebPage","@id":"https:\/\/laresidenciatarifa.com\/de\/datenschutzrichtlinie\/","url":"https:\/\/laresidenciatarifa.com\/de\/datenschutzrichtlinie\/","name":"Datenschutzrichtlinie - La Residencia Tarifa","isPartOf":{"@id":"https:\/\/laresidenciatarifa.com\/de\/#website"},"datePublished":"2022-12-21T18:28:01+00:00","dateModified":"2023-04-19T08:58:18+00:00","breadcrumb":{"@id":"https:\/\/laresidenciatarifa.com\/de\/datenschutzrichtlinie\/#breadcrumb"},"inLanguage":"de","potentialAction":[{"@type":"ReadAction","target":["https:\/\/laresidenciatarifa.com\/de\/datenschutzrichtlinie\/"]}]},{"@type":"BreadcrumbList","@id":"https:\/\/laresidenciatarifa.com\/de\/datenschutzrichtlinie\/#breadcrumb","itemListElement":[{"@type":"ListItem","position":1,"name":"Portada","item":"https:\/\/laresidenciatarifa.com\/de\/"},{"@type":"ListItem","position":2,"name":"Datenschutzrichtlinie"}]},{"@type":"WebSite","@id":"https:\/\/laresidenciatarifa.com\/de\/#website","url":"https:\/\/laresidenciatarifa.com\/de\/","name":"La Residencia Tarifa","description":"Hotel, apartamentos, spa y restaurante","publisher":{"@id":"https:\/\/laresidenciatarifa.com\/de\/#organization"},"potentialAction":[{"@type":"SearchAction","target":{"@type":"EntryPoint","urlTemplate":"https:\/\/laresidenciatarifa.com\/de\/?s={search_term_string}"},"query-input":{"@type":"PropertyValueSpecification","valueRequired":true,"valueName":"search_term_string"}}],"inLanguage":"de"},{"@type":"Organization","@id":"https:\/\/laresidenciatarifa.com\/de\/#organization","name":"La Residencia Tarifa","url":"https:\/\/laresidenciatarifa.com\/de\/","logo":{"@type":"ImageObject","inLanguage":"de","@id":"https:\/\/laresidenciatarifa.com\/de\/#\/schema\/logo\/image\/","url":"https:\/\/laresidenciatarifa.com\/wp-content\/uploads\/2022\/12\/logoLaResidencia.png","contentUrl":"https:\/\/laresidenciatarifa.com\/wp-content\/uploads\/2022\/12\/logoLaResidencia.png","width":113,"height":75,"caption":"La Residencia Tarifa"},"image":{"@id":"https:\/\/laresidenciatarifa.com\/de\/#\/schema\/logo\/image\/"}}]}},"_links":{"self":[{"href":"https:\/\/laresidenciatarifa.com\/de\/wp-json\/wp\/v2\/pages\/4890","targetHints":{"allow":["GET"]}}],"collection":[{"href":"https:\/\/laresidenciatarifa.com\/de\/wp-json\/wp\/v2\/pages"}],"about":[{"href":"https:\/\/laresidenciatarifa.com\/de\/wp-json\/wp\/v2\/types\/page"}],"author":[{"embeddable":true,"href":"https:\/\/laresidenciatarifa.com\/de\/wp-json\/wp\/v2\/users\/1"}],"replies":[{"embeddable":true,"href":"https:\/\/laresidenciatarifa.com\/de\/wp-json\/wp\/v2\/comments?post=4890"}],"version-history":[{"count":4,"href":"https:\/\/laresidenciatarifa.com\/de\/wp-json\/wp\/v2\/pages\/4890\/revisions"}],"predecessor-version":[{"id":9726,"href":"https:\/\/laresidenciatarifa.com\/de\/wp-json\/wp\/v2\/pages\/4890\/revisions\/9726"}],"wp:attachment":[{"href":"https:\/\/laresidenciatarifa.com\/de\/wp-json\/wp\/v2\/media?parent=4890"}],"curies":[{"name":"wp","href":"https:\/\/api.w.org\/{rel}","templated":true}]}}