{"id":4878,"date":"2022-12-21T15:07:15","date_gmt":"2022-12-21T14:07:15","guid":{"rendered":"https:\/\/laresidenciatarifa.com\/covid\/"},"modified":"2024-06-18T10:37:17","modified_gmt":"2024-06-18T08:37:17","slug":"covid","status":"publish","type":"page","link":"https:\/\/laresidenciatarifa.com\/de\/covid\/","title":{"rendered":"Covid"},"content":{"rendered":"\t\t<div data-elementor-type=\"wp-page\" data-elementor-id=\"4878\" class=\"elementor elementor-4878 elementor-3968\" data-elementor-settings=\"{&quot;ha_cmc_init_switcher&quot;:&quot;no&quot;}\" data-elementor-post-type=\"page\">\n\t\t\t\t\t\t<section class=\"elementor-section elementor-top-section elementor-element elementor-element-bb6aa2a elementor-section-full_width elementor-section-height-min-height elementor-section-height-default elementor-section-items-middle\" data-id=\"bb6aa2a\" data-element_type=\"section\" data-e-type=\"section\" data-settings=\"{&quot;background_background&quot;:&quot;classic&quot;,&quot;_ha_eqh_enable&quot;:false}\">\n\t\t\t\t\t\t<div class=\"elementor-container elementor-column-gap-default\">\n\t\t\t\t\t<div class=\"elementor-column elementor-col-100 elementor-top-column elementor-element elementor-element-491611b\" data-id=\"491611b\" data-element_type=\"column\" data-e-type=\"column\">\n\t\t\t<div class=\"elementor-widget-wrap elementor-element-populated\">\n\t\t\t\t\t\t<div class=\"elementor-element elementor-element-72ef610 elementor-invisible elementor-widget elementor-widget-heading\" data-id=\"72ef610\" data-element_type=\"widget\" data-e-type=\"widget\" data-settings=\"{&quot;_animation&quot;:&quot;fadeIn&quot;}\" data-widget_type=\"heading.default\">\n\t\t\t\t<div class=\"elementor-widget-container\">\n\t\t\t\t\t<h1 class=\"elementor-heading-title elementor-size-default\">COVID-Ma\u00dfnahmen<\/h1>\t\t\t\t<\/div>\n\t\t\t\t<\/div>\n\t\t\t\t\t<\/div>\n\t\t<\/div>\n\t\t\t\t\t<\/div>\n\t\t<\/section>\n\t\t\t\t<section class=\"elementor-section elementor-top-section elementor-element elementor-element-37c67bf elementor-section-boxed elementor-section-height-default elementor-section-height-default\" data-id=\"37c67bf\" data-element_type=\"section\" data-e-type=\"section\" data-settings=\"{&quot;_ha_eqh_enable&quot;:false}\">\n\t\t\t\t\t\t<div class=\"elementor-container elementor-column-gap-default\">\n\t\t\t\t\t<div class=\"elementor-column elementor-col-100 elementor-top-column elementor-element elementor-element-dea5b0b\" data-id=\"dea5b0b\" data-element_type=\"column\" data-e-type=\"column\">\n\t\t\t<div class=\"elementor-widget-wrap elementor-element-populated\">\n\t\t\t\t\t\t<div class=\"elementor-element elementor-element-2646379 elementor-widget elementor-widget-heading\" data-id=\"2646379\" data-element_type=\"widget\" data-e-type=\"widget\" data-widget_type=\"heading.default\">\n\t\t\t\t<div class=\"elementor-widget-container\">\n\t\t\t\t\t<h2 class=\"elementor-heading-title elementor-size-default\">Pr\u00e4vention<\/h2>\t\t\t\t<\/div>\n\t\t\t\t<\/div>\n\t\t\t\t<div class=\"elementor-element elementor-element-9629f69 elementor-widget elementor-widget-heading\" data-id=\"9629f69\" data-element_type=\"widget\" data-e-type=\"widget\" data-widget_type=\"heading.default\">\n\t\t\t\t<div class=\"elementor-widget-container\">\n\t\t\t\t\t<h3 class=\"elementor-heading-title elementor-size-default\">Pr\u00e4ventivmassnahmen zur Eind\u00e4mmung von COVID-19\nRegeln f\u00fcr das Zusammenleben und unsere Dienste<\/h3>\t\t\t\t<\/div>\n\t\t\t\t<\/div>\n\t\t\t\t<div class=\"elementor-element elementor-element-fe6f840 elementor-widget elementor-widget-text-editor\" data-id=\"fe6f840\" data-element_type=\"widget\" data-e-type=\"widget\" data-widget_type=\"text-editor.default\">\n\t\t\t\t<div class=\"elementor-widget-container\">\n\t\t\t\t\t\t\t\t\t<p>La Residencia Apartments &#8211; Unser Team arbeitet mit Blick auf die Sicherheit und das Wohlbefinden unserer Kunden, weshalb wir Sie um Ihre Mitarbeit und Ihr Engagement bitten, die folgenden besonderen Regeln f\u00fcr das Zusammenleben und die Ma\u00dfnahmen zur Verhinderung einer Ansteckung durch COVID-19 zu respektieren:<\/p><ul><li>H\u00e4ufiges H\u00e4ndewaschen\/Hygiene, insbesondere beim Eingang in Gemeinschaftsbereiche. Desinfektionsgel steht Ihnen an der Rezeption und in der Sauna zur Verf\u00fcgung.<\/li><li>Benutzen Sie die Innenseite des Ellenbogens, um den Mund\/die Nase beim Husten oder Niesen abzudecken, oder verwenden Sie ein Taschentuch und waschen Sie sich danach die H\u00e4nde.<\/li><li>Vermeiden Sie es, Ihren Mund, Nase oder Augen zu ber\u00fchren.<\/li><li>Benutzen Sie die Beh\u00e4lter mit Deckel, die Sie an verschiedenen Stellen in unseren Einrichtungen finden, um das gesamte Einweg-Hygiene- und Schutzmaterial (Masken, Handschuhe, Taschent\u00fccher usw.) zu werfen.<\/li><li>Halten Sie bitte den Sicherheitsabstand zu anderen Personen ein.<\/li><li>Vermeiden Sie unn\u00f6tige Ber\u00fchrungen (Umarmungen, K\u00fcsse&#8230;)<\/li><li>\u00a0<\/li><li>Beachten Sie bitte die \u00d6ffnungszeiten und andere Regeln, die zur Einhaltung der zul\u00e4ssigen Kapazit\u00e4t ausgeh\u00e4ngt wurden.<\/li><li>\u00a0<\/li><li>Respektieren Sie die Schilder, die Wege oder Sicherheitsabst\u00e4nde festlegen.<\/li><li>Bleiben Sie w\u00e4hrend\u00a0 Reinigungs-, Wartungs- oder Reparaturarbeiten nicht im Apartment.<\/li><\/ul><p>Bei den ersten Anzeichen von Symptomen, die auf die COVID-19-Krankheit hinweisen (Fieber, Husten oder Atembeschwerden):<\/p><ul><li>Selbstisolation in Ihrem Zimmer (Betroffene und Mitbewohner)<\/li><li>Informieren Sie unser Team telefonisch (Kundendienst +34 669 653 228) \u00fcber die Situation<\/li><\/ul><p>In \u00dcbereinstimmung mit diesen Sicherheits- und Pr\u00e4ventionsregeln gelten folgende Ma\u00dfnahmen\u00a0 :<\/p><p>\u00a0<\/p><p>Die Saunazeiten, die Sie reservieren, erfordern, dass Sie zu der reservierten Zeit anwesend sind.\u00a0<\/p><p>\u00a0<\/p><p><b>Zimmerservice<\/b>Sie k\u00f6nnen in Ihrem Zimmer jedes unserer Produkte aus der Speisekarte konsumieren.<\/p><p><b>Pool:\u00a0<\/b>Die Anzahl der Sonnenliegen wurde reduziert, um die Sicherheitsabst\u00e4nde einzuhalten.<\/p><p><b>Sauna-Service<\/b>: Sie m\u00fcssen bei unserem Team einen Termin f\u00fcr den Saunagang reservieren<\/p><p>Unsere Mitarbeiter stehen Ihnen zur Verf\u00fcgung, um Ihre Zweifel zu kl\u00e4ren und Ihnen die ben\u00f6tigten Informationen zu geben.<\/p><p>La Residencia Apartments beh\u00e4lt sich das Recht vor, die Zeitpl\u00e4ne und die \u00d6ffnungszeiten der Dienstleistungen aus Gr\u00fcnden des internen Betriebs zu \u00e4ndern, sowie m\u00f6gliche \u00c4nderungen der geltenden Vorschriften zu ber\u00fccksichtigen.<\/p><p>Mit Ihrer Hilfe k\u00f6nnen wir Ihre W\u00fcnsche f\u00fcr 2021 erf\u00fcllen und so einen gl\u00fccklichen und sicheren Urlaub genie\u00dfen!<\/p>\t\t\t\t\t\t\t\t<\/div>\n\t\t\t\t<\/div>\n\t\t\t\t<div class=\"elementor-element elementor-element-841038a elementor-widget elementor-widget-heading\" data-id=\"841038a\" data-element_type=\"widget\" data-e-type=\"widget\" data-widget_type=\"heading.default\">\n\t\t\t\t<div class=\"elementor-widget-container\">\n\t\t\t\t\t<h2 class=\"elementor-heading-title elementor-size-default\">Wo kann man einen PCR-Test durchf\u00fchren?<\/h2>\t\t\t\t<\/div>\n\t\t\t\t<\/div>\n\t\t\t\t<div class=\"elementor-element elementor-element-a13c301 elementor-widget elementor-widget-text-editor\" data-id=\"a13c301\" data-element_type=\"widget\" data-e-type=\"widget\" data-widget_type=\"text-editor.default\">\n\t\t\t\t<div class=\"elementor-widget-container\">\n\t\t\t\t\t\t\t\t\t<p><strong>Labor Dr.Jos\u00e9 Enrique Alcina<\/strong><br \/>Ventura Moron N\u00ba 2<br \/>11201 Algeciras, C\u00e1diz.<br \/>www.dralcinalab.com<br \/>956 66 06 97 \/ laboratorio@dralcinalab.com<br \/>Preis 180\u20ac.<br \/>Bei der Anmeldung per E-Mail m\u00fcssen Sie Name und Nachname, ID-Nummer und Flugdatum angeben<\/p><p><strong>Krankenhaus Quir\u00f3n<\/strong><br \/>Edf. Arttysur Avda. de los Empresarios s\/n PALMONES<br \/>Quir\u00f3n Prevenci\u00f3n<br \/>Calle la Ladera s\/n Algeciras<br \/>Buchungen und Bezahlung &#8220; e-quironsalud.es &#8220; Ergebnisse 24h on-line<br \/>Preis PCR.- 98\u20ac.<\/p><p><strong>Novo Sancti Petri Laboratorium<\/strong><br \/>Urb. Novo Sancti-Petri s\/n<br \/>11139 Chiclana de la Frontera, C\u00e1diz<br \/>956 49 65 06 \/ labnovochiclana@laboratoriosnovo,com<br \/>Preis 120 +30 (medizinischer Bericht)<br \/>Kein Termin erforderlich<br \/>Testzeitplan 9:00 bis 14:00<\/p><p><strong>Internationale COVID-19-Testklinik an Flugh\u00e4fen<\/strong><br \/><strong>Flugh\u00e4fen Malaga und Sevilla<\/strong><br \/>918 267 742 \/ info@travelcovidtestcenter.com<br \/>PCR 58,68\u20ac Ergebnisse in weniger als 12 Stunden<br \/>Terminvereinbarung ON-line<\/p>\t\t\t\t\t\t\t\t<\/div>\n\t\t\t\t<\/div>\n\t\t\t\t\t<\/div>\n\t\t<\/div>\n\t\t\t\t\t<\/div>\n\t\t<\/section>\n\t\t\t\t<\/div>\n\t\t","protected":false},"excerpt":{"rendered":"<p>COVID-Ma\u00dfnahmen Pr\u00e4vention Pr\u00e4ventivmassnahmen zur Eind\u00e4mmung von COVID-19 Regeln f\u00fcr das Zusammenleben und unsere Dienste La Residencia Apartments &#8211; Unser Team arbeitet mit Blick auf die Sicherheit und das Wohlbefinden unserer Kunden, weshalb wir Sie um Ihre Mitarbeit und Ihr Engagement bitten, die folgenden besonderen Regeln f\u00fcr das Zusammenleben und die Ma\u00dfnahmen zur Verhinderung einer Ansteckung [&hellip;]<\/p>\n","protected":false},"author":1,"featured_media":0,"parent":0,"menu_order":0,"comment_status":"closed","ping_status":"closed","template":"elementor_header_footer","meta":{"_acf_changed":false,"footnotes":""},"class_list":["post-4878","page","type-page","status-publish","hentry"],"acf":[],"yoast_head":"<!-- This site is optimized with the Yoast SEO plugin v27.4 - https:\/\/yoast.com\/product\/yoast-seo-wordpress\/ -->\n<title>Covid - La Residencia Tarifa<\/title>\n<meta name=\"description\" content=\"Informieren Sie sich \u00fcber die COVID-Standards von Apartamentos La Residencia. Erleben Sie einen sicheren Urlaub.\" \/>\n<meta name=\"robots\" content=\"index, follow, max-snippet:-1, max-image-preview:large, max-video-preview:-1\" \/>\n<link rel=\"canonical\" href=\"https:\/\/laresidenciatarifa.com\/de\/covid\/\" \/>\n<meta property=\"og:locale\" content=\"de_DE\" \/>\n<meta property=\"og:type\" content=\"article\" \/>\n<meta property=\"og:title\" content=\"Covid - La Residencia Tarifa\" \/>\n<meta property=\"og:description\" content=\"Informieren Sie sich \u00fcber die COVID-Standards von Apartamentos La Residencia. Erleben Sie einen sicheren Urlaub.\" \/>\n<meta property=\"og:url\" content=\"https:\/\/laresidenciatarifa.com\/de\/covid\/\" \/>\n<meta property=\"og:site_name\" content=\"La Residencia Tarifa\" \/>\n<meta property=\"article:modified_time\" content=\"2024-06-18T08:37:17+00:00\" \/>\n<meta name=\"twitter:card\" content=\"summary_large_image\" \/>\n<meta name=\"twitter:label1\" content=\"Gesch\u00e4tzte Lesezeit\" \/>\n\t<meta name=\"twitter:data1\" content=\"3\u00a0Minuten\" \/>\n<script type=\"application\/ld+json\" class=\"yoast-schema-graph\">{\"@context\":\"https:\\\/\\\/schema.org\",\"@graph\":[{\"@type\":\"WebPage\",\"@id\":\"https:\\\/\\\/laresidenciatarifa.com\\\/de\\\/covid\\\/\",\"url\":\"https:\\\/\\\/laresidenciatarifa.com\\\/de\\\/covid\\\/\",\"name\":\"Covid - La Residencia Tarifa\",\"isPartOf\":{\"@id\":\"https:\\\/\\\/laresidenciatarifa.com\\\/de\\\/#website\"},\"datePublished\":\"2022-12-21T14:07:15+00:00\",\"dateModified\":\"2024-06-18T08:37:17+00:00\",\"description\":\"Informieren Sie sich \u00fcber die COVID-Standards von Apartamentos La Residencia. Erleben Sie einen sicheren Urlaub.\",\"breadcrumb\":{\"@id\":\"https:\\\/\\\/laresidenciatarifa.com\\\/de\\\/covid\\\/#breadcrumb\"},\"inLanguage\":\"de\",\"potentialAction\":[{\"@type\":\"ReadAction\",\"target\":[\"https:\\\/\\\/laresidenciatarifa.com\\\/de\\\/covid\\\/\"]}]},{\"@type\":\"BreadcrumbList\",\"@id\":\"https:\\\/\\\/laresidenciatarifa.com\\\/de\\\/covid\\\/#breadcrumb\",\"itemListElement\":[{\"@type\":\"ListItem\",\"position\":1,\"name\":\"Portada\",\"item\":\"https:\\\/\\\/laresidenciatarifa.com\\\/de\\\/\"},{\"@type\":\"ListItem\",\"position\":2,\"name\":\"Covid\"}]},{\"@type\":\"WebSite\",\"@id\":\"https:\\\/\\\/laresidenciatarifa.com\\\/de\\\/#website\",\"url\":\"https:\\\/\\\/laresidenciatarifa.com\\\/de\\\/\",\"name\":\"La Residencia Tarifa\",\"description\":\"Hotel, apartamentos, spa y restaurante\",\"publisher\":{\"@id\":\"https:\\\/\\\/laresidenciatarifa.com\\\/de\\\/#organization\"},\"potentialAction\":[{\"@type\":\"SearchAction\",\"target\":{\"@type\":\"EntryPoint\",\"urlTemplate\":\"https:\\\/\\\/laresidenciatarifa.com\\\/de\\\/?s={search_term_string}\"},\"query-input\":{\"@type\":\"PropertyValueSpecification\",\"valueRequired\":true,\"valueName\":\"search_term_string\"}}],\"inLanguage\":\"de\"},{\"@type\":\"Organization\",\"@id\":\"https:\\\/\\\/laresidenciatarifa.com\\\/de\\\/#organization\",\"name\":\"La Residencia Tarifa\",\"url\":\"https:\\\/\\\/laresidenciatarifa.com\\\/de\\\/\",\"logo\":{\"@type\":\"ImageObject\",\"inLanguage\":\"de\",\"@id\":\"https:\\\/\\\/laresidenciatarifa.com\\\/de\\\/#\\\/schema\\\/logo\\\/image\\\/\",\"url\":\"https:\\\/\\\/laresidenciatarifa.com\\\/wp-content\\\/uploads\\\/2022\\\/12\\\/logoLaResidencia.png\",\"contentUrl\":\"https:\\\/\\\/laresidenciatarifa.com\\\/wp-content\\\/uploads\\\/2022\\\/12\\\/logoLaResidencia.png\",\"width\":113,\"height\":75,\"caption\":\"La Residencia Tarifa\"},\"image\":{\"@id\":\"https:\\\/\\\/laresidenciatarifa.com\\\/de\\\/#\\\/schema\\\/logo\\\/image\\\/\"}}]}<\/script>\n<!-- \/ Yoast SEO plugin. -->","yoast_head_json":{"title":"Covid - La Residencia Tarifa","description":"Informieren Sie sich \u00fcber die COVID-Standards von Apartamentos La Residencia. Erleben Sie einen sicheren Urlaub.","robots":{"index":"index","follow":"follow","max-snippet":"max-snippet:-1","max-image-preview":"max-image-preview:large","max-video-preview":"max-video-preview:-1"},"canonical":"https:\/\/laresidenciatarifa.com\/de\/covid\/","og_locale":"de_DE","og_type":"article","og_title":"Covid - La Residencia Tarifa","og_description":"Informieren Sie sich \u00fcber die COVID-Standards von Apartamentos La Residencia. Erleben Sie einen sicheren Urlaub.","og_url":"https:\/\/laresidenciatarifa.com\/de\/covid\/","og_site_name":"La Residencia Tarifa","article_modified_time":"2024-06-18T08:37:17+00:00","twitter_card":"summary_large_image","twitter_misc":{"Gesch\u00e4tzte Lesezeit":"3\u00a0Minuten"},"schema":{"@context":"https:\/\/schema.org","@graph":[{"@type":"WebPage","@id":"https:\/\/laresidenciatarifa.com\/de\/covid\/","url":"https:\/\/laresidenciatarifa.com\/de\/covid\/","name":"Covid - La Residencia Tarifa","isPartOf":{"@id":"https:\/\/laresidenciatarifa.com\/de\/#website"},"datePublished":"2022-12-21T14:07:15+00:00","dateModified":"2024-06-18T08:37:17+00:00","description":"Informieren Sie sich \u00fcber die COVID-Standards von Apartamentos La Residencia. Erleben Sie einen sicheren Urlaub.","breadcrumb":{"@id":"https:\/\/laresidenciatarifa.com\/de\/covid\/#breadcrumb"},"inLanguage":"de","potentialAction":[{"@type":"ReadAction","target":["https:\/\/laresidenciatarifa.com\/de\/covid\/"]}]},{"@type":"BreadcrumbList","@id":"https:\/\/laresidenciatarifa.com\/de\/covid\/#breadcrumb","itemListElement":[{"@type":"ListItem","position":1,"name":"Portada","item":"https:\/\/laresidenciatarifa.com\/de\/"},{"@type":"ListItem","position":2,"name":"Covid"}]},{"@type":"WebSite","@id":"https:\/\/laresidenciatarifa.com\/de\/#website","url":"https:\/\/laresidenciatarifa.com\/de\/","name":"La Residencia Tarifa","description":"Hotel, apartamentos, spa y restaurante","publisher":{"@id":"https:\/\/laresidenciatarifa.com\/de\/#organization"},"potentialAction":[{"@type":"SearchAction","target":{"@type":"EntryPoint","urlTemplate":"https:\/\/laresidenciatarifa.com\/de\/?s={search_term_string}"},"query-input":{"@type":"PropertyValueSpecification","valueRequired":true,"valueName":"search_term_string"}}],"inLanguage":"de"},{"@type":"Organization","@id":"https:\/\/laresidenciatarifa.com\/de\/#organization","name":"La Residencia Tarifa","url":"https:\/\/laresidenciatarifa.com\/de\/","logo":{"@type":"ImageObject","inLanguage":"de","@id":"https:\/\/laresidenciatarifa.com\/de\/#\/schema\/logo\/image\/","url":"https:\/\/laresidenciatarifa.com\/wp-content\/uploads\/2022\/12\/logoLaResidencia.png","contentUrl":"https:\/\/laresidenciatarifa.com\/wp-content\/uploads\/2022\/12\/logoLaResidencia.png","width":113,"height":75,"caption":"La Residencia Tarifa"},"image":{"@id":"https:\/\/laresidenciatarifa.com\/de\/#\/schema\/logo\/image\/"}}]}},"_links":{"self":[{"href":"https:\/\/laresidenciatarifa.com\/de\/wp-json\/wp\/v2\/pages\/4878","targetHints":{"allow":["GET"]}}],"collection":[{"href":"https:\/\/laresidenciatarifa.com\/de\/wp-json\/wp\/v2\/pages"}],"about":[{"href":"https:\/\/laresidenciatarifa.com\/de\/wp-json\/wp\/v2\/types\/page"}],"author":[{"embeddable":true,"href":"https:\/\/laresidenciatarifa.com\/de\/wp-json\/wp\/v2\/users\/1"}],"replies":[{"embeddable":true,"href":"https:\/\/laresidenciatarifa.com\/de\/wp-json\/wp\/v2\/comments?post=4878"}],"version-history":[{"count":13,"href":"https:\/\/laresidenciatarifa.com\/de\/wp-json\/wp\/v2\/pages\/4878\/revisions"}],"predecessor-version":[{"id":8541,"href":"https:\/\/laresidenciatarifa.com\/de\/wp-json\/wp\/v2\/pages\/4878\/revisions\/8541"}],"wp:attachment":[{"href":"https:\/\/laresidenciatarifa.com\/de\/wp-json\/wp\/v2\/media?parent=4878"}],"curies":[{"name":"wp","href":"https:\/\/api.w.org\/{rel}","templated":true}]}}