{"id":4827,"date":"2022-12-18T13:23:00","date_gmt":"2022-12-18T12:23:00","guid":{"rendered":"https:\/\/laresidenciatarifa.com\/politica-de-privacidad\/"},"modified":"2023-02-10T12:01:10","modified_gmt":"2023-02-10T11:01:10","slug":"datenschutzbestimmungen","status":"publish","type":"page","link":"https:\/\/laresidenciatarifa.com\/de\/datenschutzbestimmungen\/","title":{"rendered":"Datenschutzbestimmungen"},"content":{"rendered":"\t\t<div data-elementor-type=\"wp-page\" data-elementor-id=\"4827\" class=\"elementor elementor-4827 elementor-2319\" data-elementor-settings=\"{&quot;ha_cmc_init_switcher&quot;:&quot;no&quot;}\" data-elementor-post-type=\"page\">\n\t\t\t\t\t\t<section class=\"elementor-section elementor-top-section elementor-element elementor-element-f53cb0e elementor-section-boxed elementor-section-height-default elementor-section-height-default\" data-id=\"f53cb0e\" data-element_type=\"section\" data-e-type=\"section\" data-settings=\"{&quot;_ha_eqh_enable&quot;:false}\">\n\t\t\t\t\t\t<div class=\"elementor-container elementor-column-gap-default\">\n\t\t\t\t\t<div class=\"elementor-column elementor-col-100 elementor-top-column elementor-element elementor-element-820f500\" data-id=\"820f500\" data-element_type=\"column\" data-e-type=\"column\">\n\t\t\t<div class=\"elementor-widget-wrap elementor-element-populated\">\n\t\t\t\t\t\t<div class=\"elementor-element elementor-element-1b352c0 elementor-widget elementor-widget-text-editor\" data-id=\"1b352c0\" data-element_type=\"widget\" data-e-type=\"widget\" data-widget_type=\"text-editor.default\">\n\t\t\t\t<div class=\"elementor-widget-container\">\n\t\t\t\t\t\t\t\t\t<p>Dieser Rechtstext gibt Auskunft dar\u00fcber, wie wir Ihre personenbezogenen Daten durch die Nutzung unserer Website www.laresidenciatarifa.es erheben und verarbeiten, einschlie\u00dflich aller Informationen, die Sie uns \u00fcber die Website zur Verf\u00fcgung stellen, wenn Sie sich f\u00fcr einen Dienst anmelden, sich f\u00fcr unseren Newsletter registrieren oder Ihre Kontaktdaten \u00fcber das daf\u00fcr vorgesehene Formular angeben.<\/p><p>Wenn Sie uns Ihre Daten zur Verf\u00fcgung stellen, informieren wir Sie dar\u00fcber, dass unsere Dienstleistungen f\u00fcr Personen, die nicht in der Lage sind, ihre Zustimmung zu erteilen, nicht m\u00f6glich sind. Wenn Sie uns also die Formulare zusenden, garantieren Sie, dass Sie ausreichend in der Lage sind, Ihre Zustimmung zu geben.<\/p><ol><li><h5 class=\"fusion-responsive-typography-calculated\" data-fontsize=\"18\" data-lineheight=\"30.24px\">Verantwortlich f\u00fcr die Behandlung.<\/h5><\/li><\/ol><p>Kontaktdaten der verantwortlichen Person: COMANDANTE TARIFA, S.L., Paseo de Bolivia 11 &#8211; 29604 &#8211; Marbella &#8211; M\u00e1laga; E-Mail: legal@laresidenciatarifa.es<\/p><p>Kaufm\u00e4nnische Registrierungsdaten.<\/p><p>COMANDANTE TARIFA, S.L., ist f\u00fcr Ihre Daten verantwortlich. (im Folgenden wir oder unser).<\/p><ol start=\"2\"><li><h5 class=\"fusion-responsive-typography-calculated\" data-fontsize=\"18\" data-lineheight=\"30.24px\">Welche Daten sammeln wir?<\/h5><\/li><\/ol><p>Nach der Datenschutz-Grundverordnung sind personenbezogene Daten alle Informationen \u00fcber eine bestimmte oder bestimmbare nat\u00fcrliche Person, d.h. alle Informationen, mit denen eine Person identifiziert werden kann. Dies w\u00fcrde weder anonyme Daten noch prozentuale Daten beinhalten.<\/p><p>Auf unserer Website k\u00f6nnen wir bestimmte Arten von personenbezogenen Daten verarbeiten, zu denen auch geh\u00f6ren k\u00f6nnen:<\/p><ul><li>Identit\u00e4tsdaten: Vorname, Nachname und Benutzername.<\/li><li>Daten zu pers\u00f6nlichen Merkmalen: Geburtsdatum, Geschlecht, Nationalit\u00e4t&#8230;<\/li><li>Daten zu sozialen Umst\u00e4nden: Hobbys, Lebensstil, Familienstand usw.<\/li><li>Kontaktdaten: E-Mail oder Rechnungsadresse.<\/li><li>Finanzielle Details: Bankverbindung und andere Details zu get\u00e4tigten K\u00e4ufen<\/li><li>Technische Daten: Anmeldedaten, Internetprotokolladressen, Browsertyp und -version, Zeitzoneneinstellung und Standort, Betriebssystem, Browser-Plug-in-Typen und -Versionen sowie jede andere Technologie auf den Ger\u00e4ten, die Sie f\u00fcr den Zugriff auf unsere Website verwenden.<\/li><li>Profildaten: Benutzername und Passwort, get\u00e4tigte Eink\u00e4ufe, Kommentare und Umfrageantworten.<\/li><li>Nutzungsdaten: Informationen dar\u00fcber, wie Sie unsere Website, Produkte und Dienstleistungen nutzen.<\/li><li>Marketing- und Kommunikationsdaten: Pr\u00e4ferenzen f\u00fcr den Erhalt von Marketingkommunikation von uns und bevorzugte Kommunikationsmittel.<\/li><\/ul><p>Wir erheben keine Daten, die sich auf besondere Kategorien personenbezogener Daten beziehen (Daten, aus denen die rassische oder ethnische Herkunft, politische Meinungen, religi\u00f6se oder philosophische \u00dcberzeugungen, die Mitgliedschaft in einer Gewerkschaft und Informationen \u00fcber Ihre Gesundheit, genetische oder biometrische Daten hervorgehen).<\/p><p>F\u00fcr den Fall, dass Sie gesetzlich oder im Rahmen eines Vertrages zwischen uns verpflichtet sind, personenbezogene Daten zu erheben, und Sie sich weigern, uns diese Daten zur Verf\u00fcgung zu stellen, k\u00f6nnen wir m\u00f6glicherweise den Vertrag nicht erf\u00fcllen oder die Dienstleistung nicht erbringen, und Sie m\u00fcssen uns im Voraus dar\u00fcber informieren.<\/p><ol start=\"3\"><li><h5 class=\"fusion-responsive-typography-calculated\" data-fontsize=\"18\" data-lineheight=\"30.24px\">Wie sammeln wir Ihre pers\u00f6nlichen Informationen?<\/h5><\/li><\/ol><p>Die Mittel, die wir zur Erhebung personenbezogener Daten verwenden, sind:<\/p><ul><li>\u00dcber das Formular auf unserer Website, \u00fcber unsere Kontakt-E-Mail, per Telefon oder Post, wenn:<\/li><li>Informationen \u00fcber unsere Produkte oder Dienstleistungen anfordern<\/li><li>Vertrag \u00fcber die Bereitstellung unserer Dienstleistungen oder Produkte<\/li><li>Angebot anfordern<\/li><li>Sie abonnieren einen unserer Dienste oder eine unserer Publikationen<\/li><li>Senden Sie Ihre Kommentare<\/li><\/ul><p>Um die Qualit\u00e4t unserer Website zu gew\u00e4hrleisten, behalten wir uns das Recht vor, jeden Antrag auf Registrierung abzulehnen oder eine bereits akzeptierte Registrierung auszusetzen oder zu stornieren, wenn wir der Meinung sind, dass sie nicht mit diesen Anforderungen oder anderen Gesetzen oder Vorschriften \u00fcbereinstimmt. Sollte dies der Fall sein, werden wir versuchen, die Gr\u00fcnde f\u00fcr unsere Entscheidung zu erl\u00e4utern, k\u00f6nnen dies aber nicht in allen F\u00e4llen zusagen.<\/p><ul><li>Durch Technologie oder automatisierte Interaktionen: Auf unserer Website k\u00f6nnen wir automatisch technische Daten \u00fcber Ihren Computer, Browsing-Aktionen und Nutzungsmuster sammeln. Diese Daten werden durch Cookies oder \u00e4hnliche Technologien gesammelt. F\u00fcr weitere Informationen lesen Sie bitte unsere Cookie-Richtlinie.<\/li><li>Durch Dritte:<\/li><li>Google: analytische Daten oder Suchdaten. Au\u00dferhalb der Europ\u00e4ischen Union.<\/li><li>Soziale Netzwerke: (Facebook, Instagram, Twitter, Linkedin&#8230;) au\u00dferhalb der Europ\u00e4ischen Union.<\/li><\/ul><ol start=\"4\"><li><h5 class=\"fusion-responsive-typography-calculated\" data-fontsize=\"18\" data-lineheight=\"30.24px\">Zweck und Legitimation f\u00fcr die Verwendung Ihrer Daten.<\/h5><\/li><\/ol><p>Die h\u00e4ufigsten Verwendungen Ihrer pers\u00f6nlichen Daten sind:<\/p><ul><li>F\u00fcr die Formalisierung eines Vertrags zwischen COMANDANTE TARIFA, S.L. und Ihnen.<\/li><li>Wenn Sie Ihre Zustimmung zur Verarbeitung Ihrer Daten geben<\/li><li>Wenn wir sie ben\u00f6tigen, um einer gesetzlichen oder beh\u00f6rdlichen Verpflichtung nachzukommen.<\/li><li>Wenn es f\u00fcr unser berechtigtes Interesse oder das eines Dritten erforderlich ist.<\/li><\/ul><p>Der Nutzer kann die erteilte Einwilligung jederzeit widerrufen, indem er eine E-Mail an (E-Mail) sendet oder den Abschnitt \u00fcber die Aus\u00fcbung der Rechte unten konsultiert.<\/p><p>Nachfolgend finden Sie eine Tabelle, aus der Sie ersehen k\u00f6nnen, auf welche Weise wir Ihre personenbezogenen Daten verwenden und welche Legitimation f\u00fcr die Verwendung vorliegt, sowie welche Art von personenbezogenen Daten wir verarbeiten. Wir k\u00f6nnen einige personenbezogene Daten aus zus\u00e4tzlichen rechtlichen Gr\u00fcnden verarbeiten. Wenn Sie Details ben\u00f6tigen, senden Sie bitte eine E-Mail an hotel@laresidenciatarifa.es.<\/p><table><tbody><tr><td width=\"205\"><strong>Zweck<\/strong><\/td><td width=\"205\"><strong>Datentyp<\/strong><\/td><td width=\"205\"><strong>Legitimit\u00e4t f\u00fcr Ihre Behandlung<\/strong><\/td><\/tr><tr><td width=\"205\">So fordern Sie Informationen \u00fcber das Kontaktformular an<\/td><td width=\"205\">\u00b7\u00a0\u00a0\u00a0\u00a0\u00a0\u00a0\u00a0\u00a0 Nombre<p>\u00a0<\/p><p>&#8211; Nachname<\/p><p>&#8211; E-Mail<\/p><\/td><td width=\"205\">Einverst\u00e4ndnis der betroffenen Person<\/td><\/tr><tr><td width=\"205\">\u00a0<\/td><td width=\"205\">\u00a0<\/td><td width=\"205\">\u00a0<\/td><\/tr><tr><td width=\"205\">Um Ihnen kommerzielle Mitteilungen zu senden und Sie mit relevanten Inhalten zu versorgen, die f\u00fcr Sie von Interesse sein k\u00f6nnten.<\/td><td width=\"205\">\u00b7\u00a0\u00a0\u00a0\u00a0\u00a0\u00a0\u00a0\u00a0 Nombre<p>\u00a0<\/p><p>&#8211; Nachname<\/p><p>&#8211; E-Mail<\/p><\/td><td width=\"205\">Einverst\u00e4ndnis der betroffenen Person<p>\u00a0<\/p><p>\u00a0<\/p><\/td><\/tr><tr><td width=\"205\">Zur Verwaltung und zum Schutz unseres Unternehmens und unserer Website<\/td><td width=\"205\">&#8211; Technische Daten<p>\u00a0<\/p><p>\u00b7\u00a0\u00a0\u00a0\u00a0\u00a0\u00a0\u00a0\u00a0 Nombre<\/p><p>&#8211; Nachname<\/p><p>&#8211; E-Mail<\/p><\/td><td width=\"205\">\u00a0<\/td><\/tr><\/tbody><\/table><p><strong>Legitimes Interesse<\/strong><\/p><p>Kommerzielle Mitteilungen: Sie erhalten nur dann Mitteilungen, wenn<\/p><ul><li>Sie haben Informationen von uns angefordert oder ein Produkt oder eine Dienstleistung bei uns in Auftrag gegeben.<\/li><li>Wenn Sie uns Ihre Daten zur Verf\u00fcgung gestellt haben, akzeptieren Sie das daf\u00fcr vorgesehene Feld in unserem Formular.<\/li><li>Vorausgesetzt, Sie haben nicht den Wunsch ge\u00e4u\u00dfert, solche Mitteilungen nicht mehr zu erhalten.<\/li><\/ul><p>Wir holen Ihr ausdr\u00fcckliches Einverst\u00e4ndnis ein, bevor wir Ihnen Mitteilungen zusenden, und Sie k\u00f6nnen jederzeit verlangen, dass wir Ihnen keine Mitteilungen per E-Mail mehr zusenden.<\/p><p>Wenn Sie sich gegen den Erhalt von Mitteilungen von uns entscheiden, werden Ihre personenbezogenen Daten aufgrund Ihres Vertragsverh\u00e4ltnisses mit uns weiterhin gespeichert, um die gesetzlichen Anforderungen zu erf\u00fcllen.<\/p><p>Zweck: Wir werden Ihre Daten nur f\u00fcr die Zwecke verwenden, f\u00fcr die wir sie erfassen, es sei denn, wir sind der Meinung, dass wir sie f\u00fcr einen anderen Zweck verwenden sollten, wobei wir Sie im Voraus dar\u00fcber informieren, damit Sie den rechtm\u00e4\u00dfigen Grund f\u00fcr die Verarbeitung kennen, und vorausgesetzt, dass der Zweck mit dem urspr\u00fcnglichen Zweck vereinbar ist.<\/p><p>Aufbewahrungsdauer: Sie werden so lange aufbewahrt, wie es notwendig ist, um den Zweck zu erf\u00fcllen, f\u00fcr den sie erhoben wurden, und um die m\u00f6glichen Verantwortlichkeiten zu bestimmen, die sich aus diesem Zweck und der Verarbeitung der Daten ergeben k\u00f6nnen. Es gelten die Bestimmungen der verschiedenen Vorschriften \u00fcber die Aufbewahrungsfrist, soweit sie auf diese Behandlung anwendbar sind.<\/p><p>Teilnehmerdaten per E-Mail oder Formular: Ab dem Zeitpunkt, an dem sich der Benutzer anmeldet, bis zur Abmeldung durch den Benutzer.<\/p><p>Benutzerdaten, die von COMANDANTE TARIFA, S.L. in seine sozialen Netzwerke oder Seiten hochgeladen werden: Von dem Zeitpunkt an, an dem der Benutzer seine Zustimmung gibt, bis er sie zur\u00fcckzieht.<\/p><ol start=\"5\"><li><h5 class=\"fusion-responsive-typography-calculated\" data-fontsize=\"18\" data-lineheight=\"30.24px\">Ihre Datenschutzrechte<\/h5><\/li><\/ol><p>Wie kann man diese Rechte aus\u00fcben? Die Benutzer k\u00f6nnen eine Mitteilung an den Sitz von COMANDANTE TARIFA, S.L. oder an die E-Mail-Adresse hotel@laresidenciatarifa schicken, in beiden F\u00e4llen unter Beif\u00fcgung einer Fotokopie des Personalausweises oder eines \u00e4hnlichen Ausweises, um die Aus\u00fcbung der folgenden Rechte zu beantragen:<\/p><ul><li>Zugang zu Ihren pers\u00f6nlichen Daten: Sie k\u00f6nnen COMANDANTE TARIFA, S.L. fragen, ob das Unternehmen Ihre pers\u00f6nlichen Daten verwendet.<\/li><li>Ihre Berichtigung zu verlangen, wenn sie nicht korrekt sind, oder das Recht auf Vergessenwerden in Bezug auf sie auszu\u00fcben.<\/li><li>Um die Einschr\u00e4nkung der Behandlung zu beantragen, werden sie in diesem Fall von COMANDANTE TARIFA, S.L. nur zur Aus\u00fcbung oder Verteidigung von Anspr\u00fcchen aufbewahrt.<\/li><li>Um sich der Behandlung zu widersetzen: COMANDANTE TARIFA, S.L. wird die Behandlung der Daten in der von Ihnen angegebenen Weise einstellen, es sei denn, dass diese aus legitimen Gr\u00fcnden oder zur Aus\u00fcbung oder Verteidigung eventueller Anspr\u00fcche weiterhin behandelt werden sollen.<\/li><li>Zur Datenportabilit\u00e4t: Wenn Sie m\u00f6chten, dass Ihre Daten von einem anderen Unternehmen verarbeitet werden, wird COMANDANTE TARIFA, S.L. die Portabilit\u00e4t Ihrer Daten an den neuen Datenverantwortlichen erleichtern.<\/li><\/ul><p>Zur Aus\u00fcbung der oben genannten Rechte k\u00f6nnen Sie die von der spanischen Datenschutzbeh\u00f6rde zur Verf\u00fcgung gestellten Formulare verwenden: https:\/\/www.aepd.es\/<\/p><p>Klage vor der AEPD: Wenn Sie der Meinung sind, dass es ein Problem mit der Art und Weise gibt, wie COMANDANTE TARIFA, S.L. Ihre Daten behandelt, k\u00f6nnen Sie Ihre Anspr\u00fcche an die entsprechende Kontrollbeh\u00f6rde richten, die in Spanien daf\u00fcr zust\u00e4ndig ist: Spanische Datenschutzbeh\u00f6rde.<\/p><p>Es kann sein, dass wir Sie um bestimmte Informationen bitten m\u00fcssen, um Ihre Identit\u00e4t zu best\u00e4tigen und Ihr Recht auf Zugang zu Ihren personenbezogenen Daten zu gew\u00e4hrleisten (oder eines der anderen oben genannten Rechte auszu\u00fcben). Dies ist eine Sicherheitsma\u00dfnahme, um sicherzustellen, dass personenbezogene Daten nicht an Personen weitergegeben werden, die nicht berechtigt sind, sie zu erhalten.<\/p><p>Alle Anfragen werden innerhalb der gesetzlichen Frist von 1 Monat bearbeitet. Es kann jedoch sein, dass wir l\u00e4nger als einen Monat brauchen, wenn Ihre Anfrage besonders komplex ist oder wenn Sie bereits zuvor eine Reihe von Ma\u00dfnahmen ergriffen haben. In diesem Fall werden wir Sie benachrichtigen und Sie auf dem Laufenden halten.<\/p><ol start=\"6\"><li><h5 class=\"fusion-responsive-typography-calculated\" data-fontsize=\"18\" data-lineheight=\"30.24px\">Weitergabe von personenbezogenen Daten<\/h5><\/li><\/ol><p>Es ist m\u00f6glich, dass wir bei der Ausf\u00fchrung unserer Arbeit die Hilfe von Dritten ben\u00f6tigen, die die Daten nur zur Erbringung der beauftragten Dienstleistung verarbeiten und bei denen wir die entsprechenden Ma\u00dfnahmen zur Gew\u00e4hrleistung Ihrer Rechte haben:<\/p><ul><li>Dienstleister, die Informationstechnologie- und Systemmanagementdienste anbieten.<\/li><li>Professionelle Berater wie Anw\u00e4lte, Wirtschaftspr\u00fcfer und Versicherer, die Bank-, Rechts-, Versicherungs-, Buchhaltungs- und Rechtsberatungsdienste anbieten<\/li><\/ul><p>Alle Auftragsverarbeiter, an die wir Ihre Daten weitergeben, respektieren die Sicherheit Ihrer personenbezogenen Daten und behandeln sie in \u00dcbereinstimmung mit der GDPR.<\/p><p>Wir gestatten diesen Verantwortlichen die Verarbeitung Ihrer Daten nur f\u00fcr bestimmte Zwecke und nach unseren Weisungen. Allerdings k\u00f6nnen Sie uns fragen, in \u00dcbereinstimmung mit der trasparencia eine Liste, wer sind diese Unternehmen, die uns mit Dienstleistungen, k\u00f6nnen Sie dies per E-Mail tun: (E-Mail)<\/p><ol start=\"7\"><li><h5 class=\"fusion-responsive-typography-calculated\" data-fontsize=\"18\" data-lineheight=\"30.24px\">Datensicherheit<\/h5><\/li><\/ol><p>Wir haben angemessene Sicherheitsvorkehrungen getroffen, um zu verhindern, dass Ihre pers\u00f6nlichen Daten versehentlich verloren gehen, verwendet oder auf unbefugte Art und Weise abgerufen, ver\u00e4ndert oder offengelegt werden. Dar\u00fcber hinaus beschr\u00e4nken wir den Zugriff auf Ihre personenbezogenen Daten auf diejenigen Mitarbeiter, Auftragnehmer und andere Dritte, die diese Daten aus gesch\u00e4ftlichen Gr\u00fcnden kennen m\u00fcssen. Sie werden Ihre personenbezogenen Daten nur nach unseren Weisungen verarbeiten und unterliegen der Schweigepflicht.<\/p><p>Wir haben Verfahren implementiert, um mit jeder vermuteten Verletzung Ihrer pers\u00f6nlichen Daten umzugehen und werden Sie und die Aufsichtsbeh\u00f6rde im Falle einer Sicherheitsverletzung gem\u00e4\u00df den Artikeln 33 und 34 der DSGVO benachrichtigen.<\/p><ol start=\"8\"><li><h5 class=\"fusion-responsive-typography-calculated\" data-fontsize=\"18\" data-lineheight=\"30.24px\">Internationale \u00dcberweisungen<\/h5><\/li><\/ol><p>L\u00e4nder au\u00dferhalb des Europ\u00e4ischen Wirtschaftsraums (EWR) bieten nicht immer das gleiche Ma\u00df an Schutz f\u00fcr Ihre personenbezogenen Daten, und das europ\u00e4ische Recht hat die \u00dcbermittlung personenbezogener Daten au\u00dferhalb des EWR untersagt, es sei denn, die \u00dcbermittlung erf\u00fcllt bestimmte Anforderungen.<\/p><p>Einige unserer Drittdienstleister befinden sich au\u00dferhalb des Europ\u00e4ischen Wirtschaftsraums (EWR), so dass die Verarbeitung Ihrer personenbezogenen Daten einen Datentransfer au\u00dferhalb des EWR zur Folge hat.<\/p><ul><li>Soziale Netzwerke: COMANDANTE TARIFA, S.L. nutzt die sozialen Netzwerke Facebook und Instagram alle in den USA.<\/li><li>E-Mail: Der E-Mail-Service von COMANDANTE TARIFA, S.L. wird \u00fcber die Dienste von 1&amp;1 bereitgestellt.<\/li><\/ul><p>Wenn Sie weitere Informationen \u00fcber den spezifischen Mechanismus ben\u00f6tigen, den wir bei der \u00dcbermittlung Ihrer Daten au\u00dferhalb des EWR verwenden, kontaktieren Sie uns bitte per E-Mail unter hotel@laresidenciatarifa.es.<\/p>\t\t\t\t\t\t\t\t<\/div>\n\t\t\t\t<\/div>\n\t\t\t\t\t<\/div>\n\t\t<\/div>\n\t\t\t\t\t<\/div>\n\t\t<\/section>\n\t\t\t\t<\/div>\n\t\t","protected":false},"excerpt":{"rendered":"<p>Dieser Rechtstext gibt Auskunft dar\u00fcber, wie wir Ihre personenbezogenen Daten durch die Nutzung unserer Website www.laresidenciatarifa.es erheben und verarbeiten, einschlie\u00dflich aller Informationen, die Sie uns \u00fcber die Website zur Verf\u00fcgung stellen, wenn Sie sich f\u00fcr einen Dienst anmelden, sich f\u00fcr unseren Newsletter registrieren oder Ihre Kontaktdaten \u00fcber das daf\u00fcr vorgesehene Formular angeben. Wenn Sie uns [&hellip;]<\/p>\n","protected":false},"author":1,"featured_media":0,"parent":0,"menu_order":0,"comment_status":"closed","ping_status":"closed","template":"elementor_header_footer","meta":{"_acf_changed":false,"footnotes":""},"class_list":["post-4827","page","type-page","status-publish","hentry"],"acf":[],"yoast_head":"<!-- This site is optimized with the Yoast SEO plugin v27.2 - https:\/\/yoast.com\/product\/yoast-seo-wordpress\/ -->\n<title>Datenschutzbestimmungen - La Residencia Tarifa<\/title>\n<meta name=\"robots\" content=\"index, follow, max-snippet:-1, max-image-preview:large, max-video-preview:-1\" \/>\n<link rel=\"canonical\" href=\"https:\/\/laresidenciatarifa.com\/de\/datenschutzbestimmungen\/\" \/>\n<meta property=\"og:locale\" content=\"de_DE\" \/>\n<meta property=\"og:type\" content=\"article\" \/>\n<meta property=\"og:title\" content=\"Datenschutzbestimmungen - La Residencia Tarifa\" \/>\n<meta property=\"og:description\" content=\"Dieser Rechtstext gibt Auskunft dar\u00fcber, wie wir Ihre personenbezogenen Daten durch die Nutzung unserer Website www.laresidenciatarifa.es erheben und verarbeiten, einschlie\u00dflich aller Informationen, die Sie uns \u00fcber die Website zur Verf\u00fcgung stellen, wenn Sie sich f\u00fcr einen Dienst anmelden, sich f\u00fcr unseren Newsletter registrieren oder Ihre Kontaktdaten \u00fcber das daf\u00fcr vorgesehene Formular angeben. Wenn Sie uns [&hellip;]\" \/>\n<meta property=\"og:url\" content=\"https:\/\/laresidenciatarifa.com\/de\/datenschutzbestimmungen\/\" \/>\n<meta property=\"og:site_name\" content=\"La Residencia Tarifa\" \/>\n<meta property=\"article:modified_time\" content=\"2023-02-10T11:01:10+00:00\" \/>\n<meta name=\"twitter:card\" content=\"summary_large_image\" \/>\n<meta name=\"twitter:label1\" content=\"Gesch\u00e4tzte Lesezeit\" \/>\n\t<meta name=\"twitter:data1\" content=\"10\u00a0Minuten\" \/>\n<script type=\"application\/ld+json\" class=\"yoast-schema-graph\">{\"@context\":\"https:\/\/schema.org\",\"@graph\":[{\"@type\":\"WebPage\",\"@id\":\"https:\/\/laresidenciatarifa.com\/de\/datenschutzbestimmungen\/\",\"url\":\"https:\/\/laresidenciatarifa.com\/de\/datenschutzbestimmungen\/\",\"name\":\"Datenschutzbestimmungen - La Residencia Tarifa\",\"isPartOf\":{\"@id\":\"https:\/\/laresidenciatarifa.com\/de\/#website\"},\"datePublished\":\"2022-12-18T12:23:00+00:00\",\"dateModified\":\"2023-02-10T11:01:10+00:00\",\"breadcrumb\":{\"@id\":\"https:\/\/laresidenciatarifa.com\/de\/datenschutzbestimmungen\/#breadcrumb\"},\"inLanguage\":\"de\",\"potentialAction\":[{\"@type\":\"ReadAction\",\"target\":[\"https:\/\/laresidenciatarifa.com\/de\/datenschutzbestimmungen\/\"]}]},{\"@type\":\"BreadcrumbList\",\"@id\":\"https:\/\/laresidenciatarifa.com\/de\/datenschutzbestimmungen\/#breadcrumb\",\"itemListElement\":[{\"@type\":\"ListItem\",\"position\":1,\"name\":\"Portada\",\"item\":\"https:\/\/laresidenciatarifa.com\/de\/\"},{\"@type\":\"ListItem\",\"position\":2,\"name\":\"Datenschutzbestimmungen\"}]},{\"@type\":\"WebSite\",\"@id\":\"https:\/\/laresidenciatarifa.com\/de\/#website\",\"url\":\"https:\/\/laresidenciatarifa.com\/de\/\",\"name\":\"La Residencia Tarifa\",\"description\":\"Hotel, apartamentos, spa y restaurante\",\"publisher\":{\"@id\":\"https:\/\/laresidenciatarifa.com\/de\/#organization\"},\"potentialAction\":[{\"@type\":\"SearchAction\",\"target\":{\"@type\":\"EntryPoint\",\"urlTemplate\":\"https:\/\/laresidenciatarifa.com\/de\/?s={search_term_string}\"},\"query-input\":{\"@type\":\"PropertyValueSpecification\",\"valueRequired\":true,\"valueName\":\"search_term_string\"}}],\"inLanguage\":\"de\"},{\"@type\":\"Organization\",\"@id\":\"https:\/\/laresidenciatarifa.com\/de\/#organization\",\"name\":\"La Residencia Tarifa\",\"url\":\"https:\/\/laresidenciatarifa.com\/de\/\",\"logo\":{\"@type\":\"ImageObject\",\"inLanguage\":\"de\",\"@id\":\"https:\/\/laresidenciatarifa.com\/de\/#\/schema\/logo\/image\/\",\"url\":\"https:\/\/laresidenciatarifa.com\/wp-content\/uploads\/2022\/12\/logoLaResidencia.png\",\"contentUrl\":\"https:\/\/laresidenciatarifa.com\/wp-content\/uploads\/2022\/12\/logoLaResidencia.png\",\"width\":113,\"height\":75,\"caption\":\"La Residencia Tarifa\"},\"image\":{\"@id\":\"https:\/\/laresidenciatarifa.com\/de\/#\/schema\/logo\/image\/\"}}]}<\/script>\n<!-- \/ Yoast SEO plugin. -->","yoast_head_json":{"title":"Datenschutzbestimmungen - La Residencia Tarifa","robots":{"index":"index","follow":"follow","max-snippet":"max-snippet:-1","max-image-preview":"max-image-preview:large","max-video-preview":"max-video-preview:-1"},"canonical":"https:\/\/laresidenciatarifa.com\/de\/datenschutzbestimmungen\/","og_locale":"de_DE","og_type":"article","og_title":"Datenschutzbestimmungen - La Residencia Tarifa","og_description":"Dieser Rechtstext gibt Auskunft dar\u00fcber, wie wir Ihre personenbezogenen Daten durch die Nutzung unserer Website www.laresidenciatarifa.es erheben und verarbeiten, einschlie\u00dflich aller Informationen, die Sie uns \u00fcber die Website zur Verf\u00fcgung stellen, wenn Sie sich f\u00fcr einen Dienst anmelden, sich f\u00fcr unseren Newsletter registrieren oder Ihre Kontaktdaten \u00fcber das daf\u00fcr vorgesehene Formular angeben. Wenn Sie uns [&hellip;]","og_url":"https:\/\/laresidenciatarifa.com\/de\/datenschutzbestimmungen\/","og_site_name":"La Residencia Tarifa","article_modified_time":"2023-02-10T11:01:10+00:00","twitter_card":"summary_large_image","twitter_misc":{"Gesch\u00e4tzte Lesezeit":"10\u00a0Minuten"},"schema":{"@context":"https:\/\/schema.org","@graph":[{"@type":"WebPage","@id":"https:\/\/laresidenciatarifa.com\/de\/datenschutzbestimmungen\/","url":"https:\/\/laresidenciatarifa.com\/de\/datenschutzbestimmungen\/","name":"Datenschutzbestimmungen - La Residencia Tarifa","isPartOf":{"@id":"https:\/\/laresidenciatarifa.com\/de\/#website"},"datePublished":"2022-12-18T12:23:00+00:00","dateModified":"2023-02-10T11:01:10+00:00","breadcrumb":{"@id":"https:\/\/laresidenciatarifa.com\/de\/datenschutzbestimmungen\/#breadcrumb"},"inLanguage":"de","potentialAction":[{"@type":"ReadAction","target":["https:\/\/laresidenciatarifa.com\/de\/datenschutzbestimmungen\/"]}]},{"@type":"BreadcrumbList","@id":"https:\/\/laresidenciatarifa.com\/de\/datenschutzbestimmungen\/#breadcrumb","itemListElement":[{"@type":"ListItem","position":1,"name":"Portada","item":"https:\/\/laresidenciatarifa.com\/de\/"},{"@type":"ListItem","position":2,"name":"Datenschutzbestimmungen"}]},{"@type":"WebSite","@id":"https:\/\/laresidenciatarifa.com\/de\/#website","url":"https:\/\/laresidenciatarifa.com\/de\/","name":"La Residencia Tarifa","description":"Hotel, apartamentos, spa y restaurante","publisher":{"@id":"https:\/\/laresidenciatarifa.com\/de\/#organization"},"potentialAction":[{"@type":"SearchAction","target":{"@type":"EntryPoint","urlTemplate":"https:\/\/laresidenciatarifa.com\/de\/?s={search_term_string}"},"query-input":{"@type":"PropertyValueSpecification","valueRequired":true,"valueName":"search_term_string"}}],"inLanguage":"de"},{"@type":"Organization","@id":"https:\/\/laresidenciatarifa.com\/de\/#organization","name":"La Residencia Tarifa","url":"https:\/\/laresidenciatarifa.com\/de\/","logo":{"@type":"ImageObject","inLanguage":"de","@id":"https:\/\/laresidenciatarifa.com\/de\/#\/schema\/logo\/image\/","url":"https:\/\/laresidenciatarifa.com\/wp-content\/uploads\/2022\/12\/logoLaResidencia.png","contentUrl":"https:\/\/laresidenciatarifa.com\/wp-content\/uploads\/2022\/12\/logoLaResidencia.png","width":113,"height":75,"caption":"La Residencia Tarifa"},"image":{"@id":"https:\/\/laresidenciatarifa.com\/de\/#\/schema\/logo\/image\/"}}]}},"_links":{"self":[{"href":"https:\/\/laresidenciatarifa.com\/de\/wp-json\/wp\/v2\/pages\/4827","targetHints":{"allow":["GET"]}}],"collection":[{"href":"https:\/\/laresidenciatarifa.com\/de\/wp-json\/wp\/v2\/pages"}],"about":[{"href":"https:\/\/laresidenciatarifa.com\/de\/wp-json\/wp\/v2\/types\/page"}],"author":[{"embeddable":true,"href":"https:\/\/laresidenciatarifa.com\/de\/wp-json\/wp\/v2\/users\/1"}],"replies":[{"embeddable":true,"href":"https:\/\/laresidenciatarifa.com\/de\/wp-json\/wp\/v2\/comments?post=4827"}],"version-history":[{"count":7,"href":"https:\/\/laresidenciatarifa.com\/de\/wp-json\/wp\/v2\/pages\/4827\/revisions"}],"predecessor-version":[{"id":7724,"href":"https:\/\/laresidenciatarifa.com\/de\/wp-json\/wp\/v2\/pages\/4827\/revisions\/7724"}],"wp:attachment":[{"href":"https:\/\/laresidenciatarifa.com\/de\/wp-json\/wp\/v2\/media?parent=4827"}],"curies":[{"name":"wp","href":"https:\/\/api.w.org\/{rel}","templated":true}]}}